{"id":11925,"date":"2022-03-02T16:02:53","date_gmt":"2022-03-02T16:02:53","guid":{"rendered":"https:\/\/espacetriathlon.com\/product\/killa-hydro-mirror\/"},"modified":"2024-07-12T12:30:32","modified_gmt":"2024-07-12T12:30:32","slug":"killa-hydro-mirror","status":"publish","type":"product","link":"https:\/\/espacetriathlon.com\/fr\/product\/killa-hydro-mirror\/","title":{"rendered":"Killa Hydro Mirror"},"content":{"rendered":"<p>R\u00c9GLAGE OPTIMAL Le joint ergonomique 3D s&#8217;adapte parfaitement \u00e0 votre visage pour r\u00e9duire la pression autour des yeux et am\u00e9liorer l&#8217;\u00e9tanch\u00e9it\u00e9. R\u00c9GLAGE RAPIDE Le syst\u00e8me de r\u00e9glage \u00e0 pince permet de r\u00e9gler rapidement et facilement la tension de la lani\u00e8re en silicone. ANTIBU\u00c9E Le rev\u00eatement exclusif antibu\u00e9e longue dur\u00e9e \u00e9vite la formation de bu\u00e9e et permet une vision nette \u00e0 tout moment.<\/p>\n","protected":false},"excerpt":{"rendered":"<p>Les Killa 180\u00ba sont des lunettes de natation haute performance, polyvalentes et ergonomiques. Tr\u00e8s confortables, elles permettent d&#8217;am\u00e9liorer votre a\u00e9rodynamisme et vos performances dans l&#8217;eau. Avec une vision plus nette, ce sont les lunettes id\u00e9ales pour les s\u00e9ances d&#8217;entra\u00eenement comme pour les comp\u00e9titions. Un choix de verres tr\u00e8s \u00e9tendu rend ces lunettes tr\u00e8s polyvalentes pour toutes les conditions climatiques. Un r\u00e9glage optimal qui vous donne la confiance dont vous avez besoin.<\/p>\n","protected":false},"featured_media":49618,"template":"","meta":[],"product_brand":[],"product_cat":[282],"product_tag":[],"class_list":{"0":"post-11925","1":"product","2":"type-product","3":"status-publish","4":"has-post-thumbnail","6":"product_cat-lunettes","7":"pa_brand-orca","9":"first","10":"instock","11":"shipping-taxable","12":"purchasable","13":"product-type-simple"},"_links":{"self":[{"href":"https:\/\/espacetriathlon.com\/fr\/wp-json\/wp\/v2\/product\/11925","targetHints":{"allow":["GET"]}}],"collection":[{"href":"https:\/\/espacetriathlon.com\/fr\/wp-json\/wp\/v2\/product"}],"about":[{"href":"https:\/\/espacetriathlon.com\/fr\/wp-json\/wp\/v2\/types\/product"}],"version-history":[{"count":3,"href":"https:\/\/espacetriathlon.com\/fr\/wp-json\/wp\/v2\/product\/11925\/revisions"}],"predecessor-version":[{"id":36432,"href":"https:\/\/espacetriathlon.com\/fr\/wp-json\/wp\/v2\/product\/11925\/revisions\/36432"}],"wp:featuredmedia":[{"embeddable":true,"href":"https:\/\/espacetriathlon.com\/fr\/wp-json\/wp\/v2\/media\/49618"}],"wp:attachment":[{"href":"https:\/\/espacetriathlon.com\/fr\/wp-json\/wp\/v2\/media?parent=11925"}],"wp:term":[{"taxonomy":"product_brand","embeddable":true,"href":"https:\/\/espacetriathlon.com\/fr\/wp-json\/wp\/v2\/product_brand?post=11925"},{"taxonomy":"product_cat","embeddable":true,"href":"https:\/\/espacetriathlon.com\/fr\/wp-json\/wp\/v2\/product_cat?post=11925"},{"taxonomy":"product_tag","embeddable":true,"href":"https:\/\/espacetriathlon.com\/fr\/wp-json\/wp\/v2\/product_tag?post=11925"}],"curies":[{"name":"wp","href":"https:\/\/api.w.org\/{rel}","templated":true}]}}