{"id":12513,"date":"2022-03-19T09:11:18","date_gmt":"2022-03-19T09:11:18","guid":{"rendered":"https:\/\/espacetriathlon.com\/product\/pro-racing-socks-v4-0-low\/"},"modified":"2025-02-01T09:59:11","modified_gmt":"2025-02-01T09:59:11","slug":"pro-racing-socks-v4-0-low","status":"publish","type":"product","link":"https:\/\/espacetriathlon.com\/fr\/product\/pro-racing-socks-v4-0-low\/","title":{"rendered":"Pro Racing Socks V4.0 Low Fluo red \/ white"},"content":{"rendered":"<p>Black Red<br \/>\n96% Polyamide, 4% Elastane<\/p>\n","protected":false},"excerpt":{"rendered":"<p>Nouvelle g\u00e9n\u00e9ration de chaussettes de course performantes offrant un confort sup\u00e9rieur, une pr\u00e9vention des ampoules et une ventilation optimale sur toutes vos courses.<\/p>\n","protected":false},"featured_media":45262,"template":"","meta":[],"product_brand":[],"product_cat":[300],"product_tag":[],"class_list":{"0":"post-12513","1":"product","2":"type-product","3":"status-publish","4":"has-post-thumbnail","6":"product_cat-run-accessories-triathlon-fr","7":"product_shipping_class-petitarticle-fr","8":"pa_brand-compressport","9":"pa_size_compressport-t1-35-38-fr","10":"pa_size_compressport-t2-39-41-fr","11":"pa_size_compressport-t3-42-44-fr","12":"pa_size_compressport-t4-45-48-fr","14":"first","15":"instock","16":"shipping-taxable","17":"purchasable","18":"product-type-variable"},"_links":{"self":[{"href":"https:\/\/espacetriathlon.com\/fr\/wp-json\/wp\/v2\/product\/12513","targetHints":{"allow":["GET"]}}],"collection":[{"href":"https:\/\/espacetriathlon.com\/fr\/wp-json\/wp\/v2\/product"}],"about":[{"href":"https:\/\/espacetriathlon.com\/fr\/wp-json\/wp\/v2\/types\/product"}],"version-history":[{"count":3,"href":"https:\/\/espacetriathlon.com\/fr\/wp-json\/wp\/v2\/product\/12513\/revisions"}],"predecessor-version":[{"id":45266,"href":"https:\/\/espacetriathlon.com\/fr\/wp-json\/wp\/v2\/product\/12513\/revisions\/45266"}],"wp:featuredmedia":[{"embeddable":true,"href":"https:\/\/espacetriathlon.com\/fr\/wp-json\/wp\/v2\/media\/45262"}],"wp:attachment":[{"href":"https:\/\/espacetriathlon.com\/fr\/wp-json\/wp\/v2\/media?parent=12513"}],"wp:term":[{"taxonomy":"product_brand","embeddable":true,"href":"https:\/\/espacetriathlon.com\/fr\/wp-json\/wp\/v2\/product_brand?post=12513"},{"taxonomy":"product_cat","embeddable":true,"href":"https:\/\/espacetriathlon.com\/fr\/wp-json\/wp\/v2\/product_cat?post=12513"},{"taxonomy":"product_tag","embeddable":true,"href":"https:\/\/espacetriathlon.com\/fr\/wp-json\/wp\/v2\/product_tag?post=12513"}],"curies":[{"name":"wp","href":"https:\/\/api.w.org\/{rel}","templated":true}]}}