{"id":1269,"date":"2020-10-29T17:28:51","date_gmt":"2020-10-29T17:28:51","guid":{"rendered":"https:\/\/espacetriathlon.com\/product\/urban-waterproof-backpack\/"},"modified":"2024-07-15T11:01:01","modified_gmt":"2024-07-15T11:01:01","slug":"urban-waterproof-backpack","status":"publish","type":"product","link":"https:\/\/espacetriathlon.com\/fr\/product\/urban-waterproof-backpack\/","title":{"rendered":"Waterproof Backpack"},"content":{"rendered":"<p>Le nouveau sac \u00e0 dos Urban Waterproof Backpack est id\u00e9al pour vos d\u00e9placements quotidiens. Avec un design urbain et moderne, vous pourrez emporter votre ordinateur portable et votre mat\u00e9riel de bureau ainsi que vos v\u00eatements de sport pour que rien ne vous arr\u00eate pendant vos longues journ\u00e9es.<\/p>\n","protected":false},"excerpt":{"rendered":"<p>Orca<\/p>\n<p>Le nouveau sac \u00e0 dos Urban Waterproof Backpack est id\u00e9al pour vos d\u00e9placements quotidiens. Avec un design urbain et moderne, vous pourrez emporter votre ordinateur portable et votre mat\u00e9riel de bureau ainsi que vos v\u00eatements de sport pour que rien ne vous arr\u00eate pendant vos longues journ\u00e9es.<\/p>\n","protected":false},"featured_media":49233,"template":"","meta":[],"product_brand":[],"product_cat":[325],"product_tag":[],"class_list":{"0":"post-1269","1":"product","2":"type-product","3":"status-publish","4":"has-post-thumbnail","6":"product_cat-sacs-sportifs","7":"pa_brand-orca","9":"first","10":"instock","11":"sale","12":"shipping-taxable","13":"purchasable","14":"product-type-simple"},"_links":{"self":[{"href":"https:\/\/espacetriathlon.com\/fr\/wp-json\/wp\/v2\/product\/1269","targetHints":{"allow":["GET"]}}],"collection":[{"href":"https:\/\/espacetriathlon.com\/fr\/wp-json\/wp\/v2\/product"}],"about":[{"href":"https:\/\/espacetriathlon.com\/fr\/wp-json\/wp\/v2\/types\/product"}],"version-history":[{"count":3,"href":"https:\/\/espacetriathlon.com\/fr\/wp-json\/wp\/v2\/product\/1269\/revisions"}],"predecessor-version":[{"id":36929,"href":"https:\/\/espacetriathlon.com\/fr\/wp-json\/wp\/v2\/product\/1269\/revisions\/36929"}],"wp:featuredmedia":[{"embeddable":true,"href":"https:\/\/espacetriathlon.com\/fr\/wp-json\/wp\/v2\/media\/49233"}],"wp:attachment":[{"href":"https:\/\/espacetriathlon.com\/fr\/wp-json\/wp\/v2\/media?parent=1269"}],"wp:term":[{"taxonomy":"product_brand","embeddable":true,"href":"https:\/\/espacetriathlon.com\/fr\/wp-json\/wp\/v2\/product_brand?post=1269"},{"taxonomy":"product_cat","embeddable":true,"href":"https:\/\/espacetriathlon.com\/fr\/wp-json\/wp\/v2\/product_cat?post=1269"},{"taxonomy":"product_tag","embeddable":true,"href":"https:\/\/espacetriathlon.com\/fr\/wp-json\/wp\/v2\/product_tag?post=1269"}],"curies":[{"name":"wp","href":"https:\/\/api.w.org\/{rel}","templated":true}]}}