{"id":1281,"date":"2020-10-29T17:28:19","date_gmt":"2020-10-29T17:28:19","guid":{"rendered":"https:\/\/espacetriathlon.com\/product\/race-belt-with-pocket\/"},"modified":"2026-03-07T19:23:29","modified_gmt":"2026-03-07T19:23:29","slug":"race-belt-with-pocket","status":"publish","type":"product","link":"https:\/\/espacetriathlon.com\/fr\/product\/race-belt-with-pocket\/","title":{"rendered":"RACE BELT with Pocket"},"content":{"rendered":"<p>Notre ceinture \u00e9lastique de comp\u00e9tition dispose de cordons pour maintenir n\u2019importe quel type de dossard. Elle incorpore \u00e9galement une poche horizontale \u00e9lastique \u00e0 fermeture \u00e9clair, pour que vous puissiez y ranger nutrition et objets de valeur, sans risque de les perdre. Pour plus de confort, la fermeture ajustable permet d\u2019adapter la tension de la ceinture. L\u2019accessoire indispensable de tous les triathl\u00e8tes !<\/p>\n","protected":false},"excerpt":{"rendered":"<p>Orca<\/p>\n<p>Notre ceinture \u00e9lastique de comp\u00e9tition dispose de cordons pour maintenir n\u2019importe quel type de dossard. Elle incorpore \u00e9galement une poche horizontale \u00e9lastique \u00e0 fermeture \u00e9clair, pour que vous puissiez y ranger nutrition et objets de valeur, sans risque de les perdre. Pour plus de confort, la fermeture ajustable permet d\u2019adapter la tension de la ceinture. L\u2019accessoire indispensable de tous les triathl\u00e8tes !<\/p>\n","protected":false},"featured_media":1026,"template":"","meta":[],"product_brand":[],"product_cat":[1711,300],"product_tag":[],"class_list":{"0":"post-1281","1":"product","2":"type-product","3":"status-publish","4":"has-post-thumbnail","6":"product_cat-accessories-tri-3","7":"product_cat-run-accessories-triathlon-fr","8":"product_shipping_class-petitarticle-fr","9":"pa_brand-orca","11":"first","12":"instock","13":"featured","14":"shipping-taxable","15":"purchasable","16":"product-type-simple"},"_links":{"self":[{"href":"https:\/\/espacetriathlon.com\/fr\/wp-json\/wp\/v2\/product\/1281","targetHints":{"allow":["GET"]}}],"collection":[{"href":"https:\/\/espacetriathlon.com\/fr\/wp-json\/wp\/v2\/product"}],"about":[{"href":"https:\/\/espacetriathlon.com\/fr\/wp-json\/wp\/v2\/types\/product"}],"version-history":[{"count":2,"href":"https:\/\/espacetriathlon.com\/fr\/wp-json\/wp\/v2\/product\/1281\/revisions"}],"predecessor-version":[{"id":36857,"href":"https:\/\/espacetriathlon.com\/fr\/wp-json\/wp\/v2\/product\/1281\/revisions\/36857"}],"wp:featuredmedia":[{"embeddable":true,"href":"https:\/\/espacetriathlon.com\/fr\/wp-json\/wp\/v2\/media\/1026"}],"wp:attachment":[{"href":"https:\/\/espacetriathlon.com\/fr\/wp-json\/wp\/v2\/media?parent=1281"}],"wp:term":[{"taxonomy":"product_brand","embeddable":true,"href":"https:\/\/espacetriathlon.com\/fr\/wp-json\/wp\/v2\/product_brand?post=1281"},{"taxonomy":"product_cat","embeddable":true,"href":"https:\/\/espacetriathlon.com\/fr\/wp-json\/wp\/v2\/product_cat?post=1281"},{"taxonomy":"product_tag","embeddable":true,"href":"https:\/\/espacetriathlon.com\/fr\/wp-json\/wp\/v2\/product_tag?post=1281"}],"curies":[{"name":"wp","href":"https:\/\/api.w.org\/{rel}","templated":true}]}}