{"id":1284,"date":"2020-10-29T17:28:19","date_gmt":"2020-10-29T17:28:19","guid":{"rendered":"https:\/\/espacetriathlon.com\/?post_type=product&#038;p=1284"},"modified":"2025-04-14T07:53:22","modified_gmt":"2025-04-14T07:53:22","slug":"neoprene-headband","status":"publish","type":"product","link":"https:\/\/espacetriathlon.com\/fr\/product\/neoprene-headband\/","title":{"rendered":"Neoprene HEADBAND"},"content":{"rendered":"<p>Orca<\/p>\n<p>Notre bandeau en n\u00e9opr\u00e8ne est l&#8217;accessoire id\u00e9al pour prot\u00e9ger vos oreilles et votre front des \u00e9l\u00e9ments, pour vous permettre de conserver plus longtemps la chaleur. Fabriqu\u00e9 en n\u00e9opr\u00e8ne 2,5 mm avec une bordure incurv\u00e9e pour couvrir totalement vos oreilles, une bande velcro \u00e0 l&#8217;arri\u00e8re vous permet de l&#8217;ajuster parfaitement.<\/p>\n","protected":false},"excerpt":{"rendered":"<p>Orca Notre bandeau en n\u00e9opr\u00e8ne est l&#8217;accessoire id\u00e9al pour prot\u00e9ger vos oreilles et votre front des \u00e9l\u00e9ments, pour vous permettre de conserver plus longtemps la chaleur. Fabriqu\u00e9 en n\u00e9opr\u00e8ne 2,5 mm avec une bordure incurv\u00e9e pour couvrir totalement vos oreilles, une bande velcro \u00e0 l&#8217;arri\u00e8re vous permet de l&#8217;ajuster parfaitement.<\/p>\n","protected":false},"featured_media":1018,"template":"","meta":[],"product_brand":[],"product_cat":[270],"product_tag":[],"class_list":{"0":"post-1284","1":"product","2":"type-product","3":"status-publish","4":"has-post-thumbnail","6":"product_cat-openwater-fr","7":"pa_brand-orca","9":"first","10":"instock","11":"shipping-taxable","12":"purchasable","13":"product-type-simple"},"_links":{"self":[{"href":"https:\/\/espacetriathlon.com\/fr\/wp-json\/wp\/v2\/product\/1284","targetHints":{"allow":["GET"]}}],"collection":[{"href":"https:\/\/espacetriathlon.com\/fr\/wp-json\/wp\/v2\/product"}],"about":[{"href":"https:\/\/espacetriathlon.com\/fr\/wp-json\/wp\/v2\/types\/product"}],"version-history":[{"count":3,"href":"https:\/\/espacetriathlon.com\/fr\/wp-json\/wp\/v2\/product\/1284\/revisions"}],"predecessor-version":[{"id":36899,"href":"https:\/\/espacetriathlon.com\/fr\/wp-json\/wp\/v2\/product\/1284\/revisions\/36899"}],"wp:featuredmedia":[{"embeddable":true,"href":"https:\/\/espacetriathlon.com\/fr\/wp-json\/wp\/v2\/media\/1018"}],"wp:attachment":[{"href":"https:\/\/espacetriathlon.com\/fr\/wp-json\/wp\/v2\/media?parent=1284"}],"wp:term":[{"taxonomy":"product_brand","embeddable":true,"href":"https:\/\/espacetriathlon.com\/fr\/wp-json\/wp\/v2\/product_brand?post=1284"},{"taxonomy":"product_cat","embeddable":true,"href":"https:\/\/espacetriathlon.com\/fr\/wp-json\/wp\/v2\/product_cat?post=1284"},{"taxonomy":"product_tag","embeddable":true,"href":"https:\/\/espacetriathlon.com\/fr\/wp-json\/wp\/v2\/product_tag?post=1284"}],"curies":[{"name":"wp","href":"https:\/\/api.w.org\/{rel}","templated":true}]}}