{"id":1288,"date":"2020-10-29T17:28:19","date_gmt":"2020-10-29T17:28:19","guid":{"rendered":"https:\/\/espacetriathlon.com\/product\/poncho-towel\/"},"modified":"2025-06-16T14:34:14","modified_gmt":"2025-06-16T14:34:14","slug":"poncho-towel","status":"publish","type":"product","link":"https:\/\/espacetriathlon.com\/fr\/product\/poncho-towel\/","title":{"rendered":"PONCHO Towel"},"content":{"rendered":"<p>Cette serviette poncho est compos\u00e9e d\u2019un textile microfibre super absorbant, compact et l\u00e9ger. Id\u00e9ale pour changer de v\u00eatements pendant les courses et entrainements, son volume r\u00e9duit la rend facile \u00e0 transporter. Un compl\u00e9ment utile pour chaque entrainement et comp\u00e9tition.<\/p>\n","protected":false},"excerpt":{"rendered":"<p>Orca<\/p>\n","protected":false},"featured_media":1022,"template":"","meta":[],"product_brand":[],"product_cat":[270],"product_tag":[],"class_list":{"0":"post-1288","1":"product","2":"type-product","3":"status-publish","4":"has-post-thumbnail","6":"product_cat-openwater-fr","7":"pa_brand-orca","9":"first","10":"instock","11":"shipping-taxable","12":"purchasable","13":"product-type-simple"},"_links":{"self":[{"href":"https:\/\/espacetriathlon.com\/fr\/wp-json\/wp\/v2\/product\/1288","targetHints":{"allow":["GET"]}}],"collection":[{"href":"https:\/\/espacetriathlon.com\/fr\/wp-json\/wp\/v2\/product"}],"about":[{"href":"https:\/\/espacetriathlon.com\/fr\/wp-json\/wp\/v2\/types\/product"}],"version-history":[{"count":3,"href":"https:\/\/espacetriathlon.com\/fr\/wp-json\/wp\/v2\/product\/1288\/revisions"}],"predecessor-version":[{"id":36888,"href":"https:\/\/espacetriathlon.com\/fr\/wp-json\/wp\/v2\/product\/1288\/revisions\/36888"}],"wp:featuredmedia":[{"embeddable":true,"href":"https:\/\/espacetriathlon.com\/fr\/wp-json\/wp\/v2\/media\/1022"}],"wp:attachment":[{"href":"https:\/\/espacetriathlon.com\/fr\/wp-json\/wp\/v2\/media?parent=1288"}],"wp:term":[{"taxonomy":"product_brand","embeddable":true,"href":"https:\/\/espacetriathlon.com\/fr\/wp-json\/wp\/v2\/product_brand?post=1288"},{"taxonomy":"product_cat","embeddable":true,"href":"https:\/\/espacetriathlon.com\/fr\/wp-json\/wp\/v2\/product_cat?post=1288"},{"taxonomy":"product_tag","embeddable":true,"href":"https:\/\/espacetriathlon.com\/fr\/wp-json\/wp\/v2\/product_tag?post=1288"}],"curies":[{"name":"wp","href":"https:\/\/api.w.org\/{rel}","templated":true}]}}