{"id":13006,"date":"2022-04-12T14:20:04","date_gmt":"2022-04-12T14:20:04","guid":{"rendered":"https:\/\/espacetriathlon.com\/?post_type=product&#038;p=13006"},"modified":"2026-04-12T13:53:02","modified_gmt":"2026-04-12T13:53:02","slug":"athlex-flow-menv2","status":"publish","type":"product","link":"https:\/\/espacetriathlon.com\/fr\/product\/athlex-flow-menv2\/","title":{"rendered":"Athlex Flow V2 Men"},"content":{"rendered":"<p>39+: La haute flexibilit\u00e9 du n\u00e9opr\u00e8ne Yamamoto 39, associ\u00e9e \u00e0 l\u2019\u00e9lasticit\u00e9 de la doublure Infinity Skin 2, conf\u00e8re une sensation de libert\u00e9 maximale. Gr\u00e2ce \u00e0 cette association, les mouvements rapides requi\u00e8rent 35 % de force en moins qu&#8217;avec une combinaison conventionnelle. Pour des mouvements de bras plus lents et plus amples, on peut \u00e9conomiser 45 % de force en comparaison \u00e0 une combinaison conventionnelle. En outre, le traitement de surface SCS contribue \u00e0 r\u00e9duire la r\u00e9sistance et la friction avec l&#8217;eau, ce qui am\u00e9liore l&#8217;hydrodynamisme de la combinaison et permet au nageur de se d\u00e9placer plus vite.<\/p>\n<p>39 FS : \u00c9lasticit\u00e9, flexibilit\u00e9 maximale et sensation de libert\u00e9 totale sont au rendez-vous gr\u00e2ce \u00e0 l\u2019association du n\u00e9opr\u00e8ne Yamamoto 39, de la doublure Infinity Skin 2 et de la finition de surface Smoothskin. Avec cette combinaison, le nageur devra exercer 35 % de force en moins pour effectuer des mouvements de bras rapides et courts, et 45 % de force en moins pour les mouvements plus lents et amples, en comparaison avec toute autre combinaison conventionnelle.<\/p>\n<p>Aerodome: Cette nouvelle technologie appliqu\u00e9e au niveau du tronc inf\u00e9rieur apporte au nageur 30% de flottabilit\u00e9 en plus. Son secret r\u00e9side dans sa composition. Des centaines de cavit\u00e9s situ\u00e9es entre deux couches de n\u00e9opr\u00e8ne, pr\u00e9alablement trait\u00e9es. A la diff\u00e9rence d\u2019Exo-lift, la couche int\u00e9rieure de ce mat\u00e9riau est compos\u00e9e d\u2019un lining de qualit\u00e9 sup\u00e9rieure qui dote le n\u00e9opr\u00e8ne d\u2019une meilleure \u00e9lasticit\u00e9. Orca utilise ce mat\u00e9riau sur des zones sp\u00e9cifiques, en fonction des besoins du nageur, pour favoriser une rotation correcte.<\/p>\n","protected":false},"excerpt":{"rendered":"<p>La combinaison Athlex Flow offre un \u00e9quilibre parfait entre \u00e9lasticit\u00e9 et flottabilit\u00e9. La partie sup\u00e9rieure du torse int\u00e8gre des mat\u00e9riaux hautement extensibles, tandis que les jambes incorporent des technologies de flottabilit\u00e9. Ces technologies permettent au nageur de corriger sa position dans l&#8217;eau et d&#8217;adopter une posture plus hydrodynamique.<\/p>\n<p><em>Garantie Sportmax : Conseils et petites r\u00e9parations gratuites pendant une ann\u00e9e apr\u00e8s l\u2019achat<\/em><\/p>\n<p><strong>Mod\u00e8le 2025<\/strong><\/p>\n<p><a href=\"https:\/\/espacetriathlon.com\/choisir-une-combinaison-en-neoprene\/\">Avez-vous besoin d\u2019aide pour l\u2019achat de votre combinaison ?<\/a><\/p>\n","protected":false},"featured_media":49643,"template":"","meta":[],"product_brand":[],"product_cat":[306],"product_tag":[],"class_list":{"0":"post-13006","1":"product","2":"type-product","3":"status-publish","4":"has-post-thumbnail","6":"product_cat-wetsuit-neopren-fr","7":"pa_brand-orca","8":"pa_taille-orca-h-t5-162-172-cm-61-66-kg-fr","9":"pa_taille-orca-h-t6-167-175-cm-67-75-kg-fr","10":"pa_taille-orca-h-tmt-177-190-cm-68-76-kg","11":"pa_taille-orca-h-t7-173-185-cm-75-82-kg-fr","12":"pa_taille-orca-h-t8-180-188-cm-82-89-kg-fr","13":"pa_taille-orca-h-t9-185-193-cm-89-97-kg-fr","14":"pa_taille-orca-h-t10-190-196-cm-98-109-kg-fr","16":"first","17":"instock","18":"shipping-taxable","19":"purchasable","20":"product-type-variable"},"_links":{"self":[{"href":"https:\/\/espacetriathlon.com\/fr\/wp-json\/wp\/v2\/product\/13006","targetHints":{"allow":["GET"]}}],"collection":[{"href":"https:\/\/espacetriathlon.com\/fr\/wp-json\/wp\/v2\/product"}],"about":[{"href":"https:\/\/espacetriathlon.com\/fr\/wp-json\/wp\/v2\/types\/product"}],"version-history":[{"count":4,"href":"https:\/\/espacetriathlon.com\/fr\/wp-json\/wp\/v2\/product\/13006\/revisions"}],"predecessor-version":[{"id":47604,"href":"https:\/\/espacetriathlon.com\/fr\/wp-json\/wp\/v2\/product\/13006\/revisions\/47604"}],"wp:featuredmedia":[{"embeddable":true,"href":"https:\/\/espacetriathlon.com\/fr\/wp-json\/wp\/v2\/media\/49643"}],"wp:attachment":[{"href":"https:\/\/espacetriathlon.com\/fr\/wp-json\/wp\/v2\/media?parent=13006"}],"wp:term":[{"taxonomy":"product_brand","embeddable":true,"href":"https:\/\/espacetriathlon.com\/fr\/wp-json\/wp\/v2\/product_brand?post=13006"},{"taxonomy":"product_cat","embeddable":true,"href":"https:\/\/espacetriathlon.com\/fr\/wp-json\/wp\/v2\/product_cat?post=13006"},{"taxonomy":"product_tag","embeddable":true,"href":"https:\/\/espacetriathlon.com\/fr\/wp-json\/wp\/v2\/product_tag?post=13006"}],"curies":[{"name":"wp","href":"https:\/\/api.w.org\/{rel}","templated":true}]}}