{"id":1302,"date":"2020-10-29T17:28:18","date_gmt":"2020-10-29T17:28:18","guid":{"rendered":"https:\/\/espacetriathlon.com\/product\/mesh-bagpack\/"},"modified":"2026-01-05T10:35:50","modified_gmt":"2026-01-05T10:35:50","slug":"mesh-backpack","status":"publish","type":"product","link":"https:\/\/espacetriathlon.com\/fr\/product\/mesh-backpack\/","title":{"rendered":"Mesh Backpack"},"content":{"rendered":"<p>Ce sac en maille est pratique pour transporter tout ce qu&#8217;il vous faut pour nager et sa poche arri\u00e8re \u00e9tanche zipp\u00e9e prot\u00e8ge tous vos objets de valeur. Ce sac polyvalent, avec une fermeture \u00e0 cordon, une base et un panneau arri\u00e8re \u00e9tanches isole votre dos de l&#8217;eau, alors que trois trous de drainage \u00e9vacuent l&#8217;eau par la partie inf\u00e9rieure. Dimensions\u00a0: 42 x 56\u00a0cm.<\/p>\n","protected":false},"excerpt":{"rendered":"<p>Orca<\/p>\n<p>Ce sac en maille est pratique pour transporter tout ce qu&#8217;il vous faut pour nager et sa poche arri\u00e8re \u00e9tanche zipp\u00e9e prot\u00e8ge tous vos objets de valeur. Ce sac polyvalent, avec une fermeture \u00e0 cordon, une base et un panneau arri\u00e8re \u00e9tanches isole votre dos de l&#8217;eau, alors que trois trous de drainage \u00e9vacuent l&#8217;eau par la partie inf\u00e9rieure. Dimensions\u00a0: 42 x 56\u00a0cm.<\/p>\n","protected":false},"featured_media":1014,"template":"","meta":[],"product_brand":[],"product_cat":[279,325],"product_tag":[],"class_list":{"0":"post-1302","1":"product","2":"type-product","3":"status-publish","4":"has-post-thumbnail","6":"product_cat-accessories-swim","7":"product_cat-sacs-sportifs","8":"pa_brand-orca","10":"first","11":"instock","12":"shipping-taxable","13":"purchasable","14":"product-type-simple"},"_links":{"self":[{"href":"https:\/\/espacetriathlon.com\/fr\/wp-json\/wp\/v2\/product\/1302","targetHints":{"allow":["GET"]}}],"collection":[{"href":"https:\/\/espacetriathlon.com\/fr\/wp-json\/wp\/v2\/product"}],"about":[{"href":"https:\/\/espacetriathlon.com\/fr\/wp-json\/wp\/v2\/types\/product"}],"version-history":[{"count":4,"href":"https:\/\/espacetriathlon.com\/fr\/wp-json\/wp\/v2\/product\/1302\/revisions"}],"predecessor-version":[{"id":60027,"href":"https:\/\/espacetriathlon.com\/fr\/wp-json\/wp\/v2\/product\/1302\/revisions\/60027"}],"wp:featuredmedia":[{"embeddable":true,"href":"https:\/\/espacetriathlon.com\/fr\/wp-json\/wp\/v2\/media\/1014"}],"wp:attachment":[{"href":"https:\/\/espacetriathlon.com\/fr\/wp-json\/wp\/v2\/media?parent=1302"}],"wp:term":[{"taxonomy":"product_brand","embeddable":true,"href":"https:\/\/espacetriathlon.com\/fr\/wp-json\/wp\/v2\/product_brand?post=1302"},{"taxonomy":"product_cat","embeddable":true,"href":"https:\/\/espacetriathlon.com\/fr\/wp-json\/wp\/v2\/product_cat?post=1302"},{"taxonomy":"product_tag","embeddable":true,"href":"https:\/\/espacetriathlon.com\/fr\/wp-json\/wp\/v2\/product_tag?post=1302"}],"curies":[{"name":"wp","href":"https:\/\/api.w.org\/{rel}","templated":true}]}}