{"id":1306,"date":"2020-10-29T17:28:17","date_gmt":"2020-10-29T17:28:17","guid":{"rendered":"https:\/\/espacetriathlon.com\/product\/antifog-spray\/"},"modified":"2025-06-26T14:45:08","modified_gmt":"2025-06-26T14:45:08","slug":"antifog-spray","status":"publish","type":"product","link":"https:\/\/espacetriathlon.com\/fr\/product\/antifog-spray\/","title":{"rendered":"ANTIFOG Spray"},"content":{"rendered":"","protected":false},"excerpt":{"rendered":"<p>Arena<\/p>\n<p>Le spray antibu\u00e9e innovant Arena permet un rafra\u00eechissement rapide et simple du rev\u00eatement antibu\u00e9e des lunettes de natation. Il peut \u00eatre pulv\u00e9ris\u00e9 directement sur l&#8217;int\u00e9rieur des lunettes \u00e0 une distance d&#8217;environ 20 cm et ne doit pas \u00eatre rinc\u00e9. Les lunettes de natation peuvent \u00eatre r\u00e9utilis\u00e9es imm\u00e9diatement sans temps d&#8217;exposition. Le spray est sans danger pour les yeux et tr\u00e8s \u00e9conomique. Il suffit pour environ 150 applications.<\/p>\n","protected":false},"featured_media":65867,"template":"","meta":[],"product_brand":[],"product_cat":[282,279],"product_tag":[],"class_list":{"0":"post-1306","1":"product","2":"type-product","3":"status-publish","4":"has-post-thumbnail","6":"product_cat-lunettes","7":"product_cat-accessories-swim","8":"pa_brand-arena","10":"first","11":"instock","12":"shipping-taxable","13":"purchasable","14":"product-type-simple"},"_links":{"self":[{"href":"https:\/\/espacetriathlon.com\/fr\/wp-json\/wp\/v2\/product\/1306","targetHints":{"allow":["GET"]}}],"collection":[{"href":"https:\/\/espacetriathlon.com\/fr\/wp-json\/wp\/v2\/product"}],"about":[{"href":"https:\/\/espacetriathlon.com\/fr\/wp-json\/wp\/v2\/types\/product"}],"version-history":[{"count":2,"href":"https:\/\/espacetriathlon.com\/fr\/wp-json\/wp\/v2\/product\/1306\/revisions"}],"predecessor-version":[{"id":36819,"href":"https:\/\/espacetriathlon.com\/fr\/wp-json\/wp\/v2\/product\/1306\/revisions\/36819"}],"wp:featuredmedia":[{"embeddable":true,"href":"https:\/\/espacetriathlon.com\/fr\/wp-json\/wp\/v2\/media\/65867"}],"wp:attachment":[{"href":"https:\/\/espacetriathlon.com\/fr\/wp-json\/wp\/v2\/media?parent=1306"}],"wp:term":[{"taxonomy":"product_brand","embeddable":true,"href":"https:\/\/espacetriathlon.com\/fr\/wp-json\/wp\/v2\/product_brand?post=1306"},{"taxonomy":"product_cat","embeddable":true,"href":"https:\/\/espacetriathlon.com\/fr\/wp-json\/wp\/v2\/product_cat?post=1306"},{"taxonomy":"product_tag","embeddable":true,"href":"https:\/\/espacetriathlon.com\/fr\/wp-json\/wp\/v2\/product_tag?post=1306"}],"curies":[{"name":"wp","href":"https:\/\/api.w.org\/{rel}","templated":true}]}}