{"id":13089,"date":"2022-04-15T13:31:52","date_gmt":"2022-04-15T13:31:52","guid":{"rendered":"https:\/\/espacetriathlon.com\/product\/athlex-flex-men-equip\/"},"modified":"2025-06-15T15:43:24","modified_gmt":"2025-06-15T15:43:24","slug":"athlex-flex-men-v2","status":"publish","type":"product","link":"https:\/\/espacetriathlon.com\/fr\/product\/athlex-flex-men-v2\/","title":{"rendered":"Athlex Flex Men V2"},"content":{"rendered":"<p>39+: La haute flexibilit\u00e9 du n\u00e9opr\u00e8ne Yamamoto 39, associ\u00e9e \u00e0 l\u2019\u00e9lasticit\u00e9 de la doublure Infinity Skin 2, conf\u00e8re une sensation de libert\u00e9 maximale. Gr\u00e2ce \u00e0 cette association, les mouvements rapides requi\u00e8rent 35 % de force en moins qu&#8217;avec une combinaison conventionnelle. Pour des mouvements de bras plus lents et plus amples, on peut \u00e9conomiser 45 % de force en comparaison \u00e0 une combinaison conventionnelle. En outre, le traitement de surface SCS contribue \u00e0 r\u00e9duire la r\u00e9sistance et la friction avec l&#8217;eau, ce qui am\u00e9liore l&#8217;hydrodynamisme de la combinaison et permet au nageur de se d\u00e9placer plus vite.<\/p>\n<p>39 FS : \u00c9lasticit\u00e9, flexibilit\u00e9 maximale et sensation de libert\u00e9 totale sont au rendez-vous gr\u00e2ce \u00e0 l\u2019association du n\u00e9opr\u00e8ne Yamamoto 39, de la doublure Infinity Skin 2 et de la finition de surface Smoothskin. Avec cette combinaison, le nageur devra exercer 35 % de force en moins pour effectuer des mouvements de bras rapides et courts, et 45 % de force en moins pour les mouvements plus lents et amples, en comparaison avec toute autre combinaison conventionnelle.<\/p>\n<p>38+ : Le Yamamoto 38 assure une meilleure compression pour un ajustement optimal de la combinaison, favorisant le confort du nageur en eau libre. Le traitement de surface SCS est utilis\u00e9 pour maximiser les propri\u00e9t\u00e9s hydrodynamiques des combinaisons, r\u00e9duisant la friction avec l&#8217;eau pour permettre aux athl\u00e8tes de nager plus vite.<\/p>\n","protected":false},"excerpt":{"rendered":"<p>La combinaison Athlex Flex associe \u00e9lasticit\u00e9 \u00e9lev\u00e9e et flottabilit\u00e9 moyenne pour les nageurs capables de maintenir une bonne position dans l&#8217;eau sans b\u00e9n\u00e9ficier d&#8217;une flottabilit\u00e9 suppl\u00e9mentaire. Des mat\u00e9riaux relativement fins sur la partie sup\u00e9rieure du buste et d&#8217;\u00e9paisseur moyenne sur les jambes permettent d&#8217;obtenir une combinaison qui offre une grande libert\u00e9 de mouvement.<\/p>\n<p><em>Garantie Sportmax : Conseils et petites r\u00e9parations gratuites pendant une ann\u00e9e apr\u00e8s l\u2019achat<\/em><\/p>\n<p>Mod\u00e8le 2025<\/p>\n","protected":false},"featured_media":48523,"template":"","meta":[],"product_brand":[],"product_cat":[306],"product_tag":[],"class_list":{"0":"post-13089","1":"product","2":"type-product","3":"status-publish","4":"has-post-thumbnail","6":"product_cat-wetsuit-neopren-fr","7":"pa_brand-orca","8":"pa_taille-orca-h-t5-162-172-cm-61-66-kg-fr","9":"pa_taille-orca-h-t6-167-175-cm-67-75-kg-fr","10":"pa_taille-orca-h-tmt-177-190-cm-68-76-kg","11":"pa_taille-orca-h-t7-173-185-cm-75-82-kg-fr","12":"pa_taille-orca-h-t8-180-188-cm-82-89-kg-fr","13":"pa_taille-orca-h-t9-185-193-cm-89-97-kg-fr","14":"pa_taille-orca-h-t10-190-196-cm-98-109-kg-fr","16":"first","17":"instock","18":"shipping-taxable","19":"purchasable","20":"product-type-variable"},"_links":{"self":[{"href":"https:\/\/espacetriathlon.com\/fr\/wp-json\/wp\/v2\/product\/13089","targetHints":{"allow":["GET"]}}],"collection":[{"href":"https:\/\/espacetriathlon.com\/fr\/wp-json\/wp\/v2\/product"}],"about":[{"href":"https:\/\/espacetriathlon.com\/fr\/wp-json\/wp\/v2\/types\/product"}],"version-history":[{"count":4,"href":"https:\/\/espacetriathlon.com\/fr\/wp-json\/wp\/v2\/product\/13089\/revisions"}],"predecessor-version":[{"id":48531,"href":"https:\/\/espacetriathlon.com\/fr\/wp-json\/wp\/v2\/product\/13089\/revisions\/48531"}],"wp:featuredmedia":[{"embeddable":true,"href":"https:\/\/espacetriathlon.com\/fr\/wp-json\/wp\/v2\/media\/48523"}],"wp:attachment":[{"href":"https:\/\/espacetriathlon.com\/fr\/wp-json\/wp\/v2\/media?parent=13089"}],"wp:term":[{"taxonomy":"product_brand","embeddable":true,"href":"https:\/\/espacetriathlon.com\/fr\/wp-json\/wp\/v2\/product_brand?post=13089"},{"taxonomy":"product_cat","embeddable":true,"href":"https:\/\/espacetriathlon.com\/fr\/wp-json\/wp\/v2\/product_cat?post=13089"},{"taxonomy":"product_tag","embeddable":true,"href":"https:\/\/espacetriathlon.com\/fr\/wp-json\/wp\/v2\/product_tag?post=13089"}],"curies":[{"name":"wp","href":"https:\/\/api.w.org\/{rel}","templated":true}]}}