{"id":1311,"date":"2020-10-29T17:28:17","date_gmt":"2020-10-29T17:28:17","guid":{"rendered":"https:\/\/espacetriathlon.com\/product\/foam-pull-buoy\/"},"modified":"2025-10-21T14:35:10","modified_gmt":"2025-10-21T14:35:10","slug":"foam-pull-buoy","status":"publish","type":"product","link":"https:\/\/espacetriathlon.com\/fr\/product\/foam-pull-buoy\/","title":{"rendered":"FOAM Pull Buoy"},"content":{"rendered":"<p>La FOAM Pull Buoy immobilise les jambes et procure une force de levage pour aider \u00e0 renforcer le haut du corps et \u00e0 se concentrer sur une rotation correcte des hanches. il aligne le corps de la t\u00eate aux pieds et am\u00e9liore la sym\u00e9trie. Elle est fabriqu\u00e9e en mousse EVA qui n&#8217;irrite pas la peau et ne l&#8217;irrite pas.<\/p>\n","protected":false},"excerpt":{"rendered":"<p>La FOAM Pull Buoy immobilise les jambes et procure une force de levage pour aider \u00e0 renforcer le haut du corps et \u00e0 se concentrer sur une rotation correcte des hanches. il aligne le corps de la t\u00eate aux pieds et am\u00e9liore la sym\u00e9trie. Elle est fabriqu\u00e9e en mousse EVA qui n&#8217;irrite pas la peau [&hellip;]<\/p>\n","protected":false},"featured_media":998,"template":"","meta":[],"product_brand":[],"product_cat":[291],"product_tag":[],"class_list":{"0":"post-1311","1":"product","2":"type-product","3":"status-publish","4":"has-post-thumbnail","6":"product_cat-aide-dentrainement","7":"pa_age-junior-fr","8":"pa_age-senior-fr","9":"pa_brand-finis","11":"first","12":"instock","13":"shipping-taxable","14":"purchasable","15":"product-type-variable"},"_links":{"self":[{"href":"https:\/\/espacetriathlon.com\/fr\/wp-json\/wp\/v2\/product\/1311","targetHints":{"allow":["GET"]}}],"collection":[{"href":"https:\/\/espacetriathlon.com\/fr\/wp-json\/wp\/v2\/product"}],"about":[{"href":"https:\/\/espacetriathlon.com\/fr\/wp-json\/wp\/v2\/types\/product"}],"version-history":[{"count":3,"href":"https:\/\/espacetriathlon.com\/fr\/wp-json\/wp\/v2\/product\/1311\/revisions"}],"predecessor-version":[{"id":36787,"href":"https:\/\/espacetriathlon.com\/fr\/wp-json\/wp\/v2\/product\/1311\/revisions\/36787"}],"wp:featuredmedia":[{"embeddable":true,"href":"https:\/\/espacetriathlon.com\/fr\/wp-json\/wp\/v2\/media\/998"}],"wp:attachment":[{"href":"https:\/\/espacetriathlon.com\/fr\/wp-json\/wp\/v2\/media?parent=1311"}],"wp:term":[{"taxonomy":"product_brand","embeddable":true,"href":"https:\/\/espacetriathlon.com\/fr\/wp-json\/wp\/v2\/product_brand?post=1311"},{"taxonomy":"product_cat","embeddable":true,"href":"https:\/\/espacetriathlon.com\/fr\/wp-json\/wp\/v2\/product_cat?post=1311"},{"taxonomy":"product_tag","embeddable":true,"href":"https:\/\/espacetriathlon.com\/fr\/wp-json\/wp\/v2\/product_tag?post=1311"}],"curies":[{"name":"wp","href":"https:\/\/api.w.org\/{rel}","templated":true}]}}