{"id":13116,"date":"2022-04-15T13:41:23","date_gmt":"2022-04-15T13:41:23","guid":{"rendered":"https:\/\/espacetriathlon.com\/?post_type=product&#038;p=13116"},"modified":"2024-07-12T06:50:05","modified_gmt":"2024-07-12T06:50:05","slug":"heatseeker-vest-men-copy","status":"publish","type":"product","link":"https:\/\/espacetriathlon.com\/fr\/product\/heatseeker-vest-men-copy\/","title":{"rendered":"Heatseeker vest Women"},"content":{"rendered":"<p>100% 2mm neopren<\/p>\n","protected":false},"excerpt":{"rendered":"<p>Le gilet Orca Heatseeker de derni\u00e8re g\u00e9n\u00e9ration est une couche de base thermique con\u00e7ue pour \u00eatre port\u00e9e sous une combinaison de plong\u00e9e en eau froide afin d&#8217;augmenter votre chaleur dans l&#8217;eau. Il peut constituer une barri\u00e8re suppl\u00e9mentaire contre le refroidissement \u00e9olien dans tous les types de sports nautiques de plein air. L&#8217;Orca Heatseeker Vest sera un ajout pr\u00e9cieux au sac d&#8217;\u00e9quipement de tout amateur d&#8217;eau.<\/p>\n","protected":false},"featured_media":49647,"template":"","meta":[],"product_brand":[],"product_cat":[270],"product_tag":[],"class_list":{"0":"post-13116","1":"product","2":"type-product","3":"status-publish","4":"has-post-thumbnail","6":"product_cat-openwater-fr","7":"pa_brand-orca","8":"pa_size-xs-fr","9":"pa_size-s-fr","10":"pa_size-m-fr","11":"pa_size-l-fr","12":"pa_size-xl-fr","14":"first","15":"instock","16":"shipping-taxable","17":"purchasable","18":"product-type-variable"},"_links":{"self":[{"href":"https:\/\/espacetriathlon.com\/fr\/wp-json\/wp\/v2\/product\/13116","targetHints":{"allow":["GET"]}}],"collection":[{"href":"https:\/\/espacetriathlon.com\/fr\/wp-json\/wp\/v2\/product"}],"about":[{"href":"https:\/\/espacetriathlon.com\/fr\/wp-json\/wp\/v2\/types\/product"}],"version-history":[{"count":3,"href":"https:\/\/espacetriathlon.com\/fr\/wp-json\/wp\/v2\/product\/13116\/revisions"}],"predecessor-version":[{"id":36103,"href":"https:\/\/espacetriathlon.com\/fr\/wp-json\/wp\/v2\/product\/13116\/revisions\/36103"}],"wp:featuredmedia":[{"embeddable":true,"href":"https:\/\/espacetriathlon.com\/fr\/wp-json\/wp\/v2\/media\/49647"}],"wp:attachment":[{"href":"https:\/\/espacetriathlon.com\/fr\/wp-json\/wp\/v2\/media?parent=13116"}],"wp:term":[{"taxonomy":"product_brand","embeddable":true,"href":"https:\/\/espacetriathlon.com\/fr\/wp-json\/wp\/v2\/product_brand?post=13116"},{"taxonomy":"product_cat","embeddable":true,"href":"https:\/\/espacetriathlon.com\/fr\/wp-json\/wp\/v2\/product_cat?post=13116"},{"taxonomy":"product_tag","embeddable":true,"href":"https:\/\/espacetriathlon.com\/fr\/wp-json\/wp\/v2\/product_tag?post=13116"}],"curies":[{"name":"wp","href":"https:\/\/api.w.org\/{rel}","templated":true}]}}