{"id":1312,"date":"2020-10-29T17:27:45","date_gmt":"2020-10-29T17:27:45","guid":{"rendered":"https:\/\/espacetriathlon.com\/product\/fastskin-elite-goggle\/"},"modified":"2024-07-15T09:19:55","modified_gmt":"2024-07-15T09:19:55","slug":"fastskin-elite-goggle","status":"publish","type":"product","link":"https:\/\/espacetriathlon.com\/fr\/product\/fastskin-elite-goggle\/","title":{"rendered":"FASTSKIN Hyper Elite Goggle"},"content":{"rendered":"","protected":false},"excerpt":{"rendered":"<p>Speedo<\/p>\n<p>La lentille hydroscopique extra plate unique en son genre offre une vision p\u00e9riph\u00e9rique am\u00e9lior\u00e9e de 180 degr\u00e9s et la technologie IQ Fit pour une adaptation et un r\u00e9glage pr\u00e9cis. Elle comprend trois tailles diff\u00e9rentes d&#8217;ar\u00eate nasale S\/M\/L pour une adaptation individuelle et s\u00fbre IQfit : Joint de lunettes 3D unique qui s&#8217;adapte parfaitement au contour des yeux et ne pr\u00e9sente aucune fuite Protection contre les UV, rev\u00eatement anti-bu\u00e9e<\/p>\n","protected":false},"featured_media":49228,"template":"","meta":[],"product_brand":[],"product_cat":[282],"product_tag":[],"class_list":{"0":"post-1312","1":"product","2":"type-product","3":"status-publish","4":"has-post-thumbnail","6":"product_cat-lunettes","7":"pa_brand-speedo","9":"first","10":"instock","11":"sale","12":"shipping-taxable","13":"purchasable","14":"product-type-simple"},"_links":{"self":[{"href":"https:\/\/espacetriathlon.com\/fr\/wp-json\/wp\/v2\/product\/1312","targetHints":{"allow":["GET"]}}],"collection":[{"href":"https:\/\/espacetriathlon.com\/fr\/wp-json\/wp\/v2\/product"}],"about":[{"href":"https:\/\/espacetriathlon.com\/fr\/wp-json\/wp\/v2\/types\/product"}],"version-history":[{"count":2,"href":"https:\/\/espacetriathlon.com\/fr\/wp-json\/wp\/v2\/product\/1312\/revisions"}],"predecessor-version":[{"id":36734,"href":"https:\/\/espacetriathlon.com\/fr\/wp-json\/wp\/v2\/product\/1312\/revisions\/36734"}],"wp:featuredmedia":[{"embeddable":true,"href":"https:\/\/espacetriathlon.com\/fr\/wp-json\/wp\/v2\/media\/49228"}],"wp:attachment":[{"href":"https:\/\/espacetriathlon.com\/fr\/wp-json\/wp\/v2\/media?parent=1312"}],"wp:term":[{"taxonomy":"product_brand","embeddable":true,"href":"https:\/\/espacetriathlon.com\/fr\/wp-json\/wp\/v2\/product_brand?post=1312"},{"taxonomy":"product_cat","embeddable":true,"href":"https:\/\/espacetriathlon.com\/fr\/wp-json\/wp\/v2\/product_cat?post=1312"},{"taxonomy":"product_tag","embeddable":true,"href":"https:\/\/espacetriathlon.com\/fr\/wp-json\/wp\/v2\/product_tag?post=1312"}],"curies":[{"name":"wp","href":"https:\/\/api.w.org\/{rel}","templated":true}]}}