{"id":13143,"date":"2022-04-16T08:17:24","date_gmt":"2022-04-16T08:17:24","guid":{"rendered":"https:\/\/espacetriathlon.com\/product\/base-layer-women\/"},"modified":"2024-07-12T06:47:01","modified_gmt":"2024-07-12T06:47:01","slug":"base-layer-women","status":"publish","type":"product","link":"https:\/\/espacetriathlon.com\/fr\/product\/base-layer-women\/","title":{"rendered":"Base Layer Women"},"content":{"rendered":"","protected":false},"excerpt":{"rendered":"<p>Le Base Layer peut \u00eatre utilis\u00e9 comme couche ext\u00e9rieure ou int\u00e9rieure, sous la combinaison. Dans les eaux temp\u00e9r\u00e9es, il peut \u00eatre utilis\u00e9 comme couche ext\u00e9rieure, vous prot\u00e9geant du froid et du soleil sans restriction de mouvement gr\u00e2ce \u00e0 son \u00e9lasticit\u00e9. Par de plus basses temp\u00e9ratures, c&#8217;est l&#8217;accessoire id\u00e9al \u00e0 porter sous votre combinaison lorsque vous nagez en eau libre. Il pr\u00e9sente une coupe sp\u00e9cifique pour les femmes, \u00e9pousant la forme du corps pour plus de performance et de confort.<\/p>\n","protected":false},"featured_media":49651,"template":"","meta":[],"product_brand":[],"product_cat":[270],"product_tag":[],"class_list":{"0":"post-13143","1":"product","2":"type-product","3":"status-publish","4":"has-post-thumbnail","6":"product_cat-openwater-fr","7":"pa_brand-orca","8":"pa_size-xs-fr","9":"pa_size-s-fr","10":"pa_size-m-fr","11":"pa_size-l-fr","12":"pa_size-xl-fr","14":"first","15":"instock","16":"shipping-taxable","17":"purchasable","18":"product-type-variable"},"_links":{"self":[{"href":"https:\/\/espacetriathlon.com\/fr\/wp-json\/wp\/v2\/product\/13143","targetHints":{"allow":["GET"]}}],"collection":[{"href":"https:\/\/espacetriathlon.com\/fr\/wp-json\/wp\/v2\/product"}],"about":[{"href":"https:\/\/espacetriathlon.com\/fr\/wp-json\/wp\/v2\/types\/product"}],"version-history":[{"count":3,"href":"https:\/\/espacetriathlon.com\/fr\/wp-json\/wp\/v2\/product\/13143\/revisions"}],"predecessor-version":[{"id":36099,"href":"https:\/\/espacetriathlon.com\/fr\/wp-json\/wp\/v2\/product\/13143\/revisions\/36099"}],"wp:featuredmedia":[{"embeddable":true,"href":"https:\/\/espacetriathlon.com\/fr\/wp-json\/wp\/v2\/media\/49651"}],"wp:attachment":[{"href":"https:\/\/espacetriathlon.com\/fr\/wp-json\/wp\/v2\/media?parent=13143"}],"wp:term":[{"taxonomy":"product_brand","embeddable":true,"href":"https:\/\/espacetriathlon.com\/fr\/wp-json\/wp\/v2\/product_brand?post=13143"},{"taxonomy":"product_cat","embeddable":true,"href":"https:\/\/espacetriathlon.com\/fr\/wp-json\/wp\/v2\/product_cat?post=13143"},{"taxonomy":"product_tag","embeddable":true,"href":"https:\/\/espacetriathlon.com\/fr\/wp-json\/wp\/v2\/product_tag?post=13143"}],"curies":[{"name":"wp","href":"https:\/\/api.w.org\/{rel}","templated":true}]}}