{"id":1317,"date":"2020-10-29T17:28:17","date_gmt":"2020-10-29T17:28:17","guid":{"rendered":"https:\/\/espacetriathlon.com\/product\/finger-paddle\/"},"modified":"2025-04-09T16:22:40","modified_gmt":"2025-04-09T16:22:40","slug":"finger-paddle","status":"publish","type":"product","link":"https:\/\/espacetriathlon.com\/fr\/product\/finger-paddle\/","title":{"rendered":"Finger Paddle"},"content":{"rendered":"<p>La Biofuse finger paddle vous permet de vous concentrer sur le positionnement de la main dans la piscine et de l&#8217;am\u00e9liorer, y compris la position de capture et la traction du bras. En permettant \u00e0 la surface de la paume de rester expos\u00e9e, elle offre une plus grande sensation de l&#8217;eau tout en exer\u00e7ant moins de pression sur les \u00e9paules. Am\u00e9liorez la force du haut du corps avec la Biofuse Finger Paddle car elle cr\u00e9e une r\u00e9sistance maximale dans l&#8217;eau. Plus de r\u00e9sistance signifie plus de puissance, plus de force corporelle et un entra\u00eenement plus intense.<\/p>\n","protected":false},"excerpt":{"rendered":"<p>Speedo<\/p>\n<p>La Biofuse finger paddle vous permet de vous concentrer sur le positionnement de la main dans la piscine et de l&#8217;am\u00e9liorer, y compris la position de capture et la traction du bras. En permettant \u00e0 la surface de la paume de rester expos\u00e9e, elle offre une plus grande sensation de l&#8217;eau tout en exer\u00e7ant moins de pression sur les \u00e9paules. Am\u00e9liorez la force du haut du corps avec la Biofuse Finger Paddle car elle cr\u00e9e une r\u00e9sistance maximale dans l&#8217;eau. Plus de r\u00e9sistance signifie plus de puissance, plus de force corporelle et un entra\u00eenement plus intense.<\/p>\n","protected":false},"featured_media":49238,"template":"","meta":[],"product_brand":[],"product_cat":[285],"product_tag":[],"class_list":{"0":"post-1317","1":"product","2":"type-product","3":"status-publish","4":"has-post-thumbnail","6":"product_cat-paddles-fr","7":"pa_brand-speedo","9":"first","10":"instock","11":"shipping-taxable","12":"purchasable","13":"product-type-simple"},"_links":{"self":[{"href":"https:\/\/espacetriathlon.com\/fr\/wp-json\/wp\/v2\/product\/1317","targetHints":{"allow":["GET"]}}],"collection":[{"href":"https:\/\/espacetriathlon.com\/fr\/wp-json\/wp\/v2\/product"}],"about":[{"href":"https:\/\/espacetriathlon.com\/fr\/wp-json\/wp\/v2\/types\/product"}],"version-history":[{"count":2,"href":"https:\/\/espacetriathlon.com\/fr\/wp-json\/wp\/v2\/product\/1317\/revisions"}],"predecessor-version":[{"id":36799,"href":"https:\/\/espacetriathlon.com\/fr\/wp-json\/wp\/v2\/product\/1317\/revisions\/36799"}],"wp:featuredmedia":[{"embeddable":true,"href":"https:\/\/espacetriathlon.com\/fr\/wp-json\/wp\/v2\/media\/49238"}],"wp:attachment":[{"href":"https:\/\/espacetriathlon.com\/fr\/wp-json\/wp\/v2\/media?parent=1317"}],"wp:term":[{"taxonomy":"product_brand","embeddable":true,"href":"https:\/\/espacetriathlon.com\/fr\/wp-json\/wp\/v2\/product_brand?post=1317"},{"taxonomy":"product_cat","embeddable":true,"href":"https:\/\/espacetriathlon.com\/fr\/wp-json\/wp\/v2\/product_cat?post=1317"},{"taxonomy":"product_tag","embeddable":true,"href":"https:\/\/espacetriathlon.com\/fr\/wp-json\/wp\/v2\/product_tag?post=1317"}],"curies":[{"name":"wp","href":"https:\/\/api.w.org\/{rel}","templated":true}]}}