{"id":13174,"date":"2022-04-16T08:25:08","date_gmt":"2022-04-16T08:25:08","guid":{"rendered":"https:\/\/espacetriathlon.com\/product\/base-layer-men\/"},"modified":"2026-03-09T09:00:27","modified_gmt":"2026-03-09T09:00:27","slug":"base-layer-men","status":"publish","type":"product","link":"https:\/\/espacetriathlon.com\/fr\/product\/base-layer-men\/","title":{"rendered":"Base Layer Men"},"content":{"rendered":"<p>Mati\u00e8res : Cet article est fabriqu\u00e9 \u00e0 partir d&#8217;un n\u00e9opr\u00e8ne de 1,3 mm d\u2019\u00e9paisseur et comporte une doublure int\u00e9rieure en nylon pour une \u00e9lasticit\u00e9 maximale.<\/p>\n","protected":false},"excerpt":{"rendered":"<p>Le Base Layer peut \u00eatre utilis\u00e9 comme couche ext\u00e9rieure ou int\u00e9rieure, sous la combinaison. Dans les eaux temp\u00e9r\u00e9es, il peut \u00eatre utilis\u00e9 comme couche ext\u00e9rieure, vous prot\u00e9geant du froid et du soleil sans restriction de mouvement gr\u00e2ce \u00e0 son \u00e9lasticit\u00e9. Par de plus basses temp\u00e9ratures, c&#8217;est l&#8217;accessoire id\u00e9al \u00e0 porter sous votre combinaison lorsque vous nagez en eau libre.<\/p>\n","protected":false},"featured_media":49656,"template":"","meta":[],"product_brand":[],"product_cat":[270],"product_tag":[],"class_list":{"0":"post-13174","1":"product","2":"type-product","3":"status-publish","4":"has-post-thumbnail","6":"product_cat-openwater-fr","7":"pa_brand-orca","8":"pa_size-xs-fr","9":"pa_size-s-fr","10":"pa_size-m-fr","11":"pa_size-l-fr","12":"pa_size-xl-fr","14":"first","15":"instock","16":"shipping-taxable","17":"purchasable","18":"product-type-variable"},"_links":{"self":[{"href":"https:\/\/espacetriathlon.com\/fr\/wp-json\/wp\/v2\/product\/13174","targetHints":{"allow":["GET"]}}],"collection":[{"href":"https:\/\/espacetriathlon.com\/fr\/wp-json\/wp\/v2\/product"}],"about":[{"href":"https:\/\/espacetriathlon.com\/fr\/wp-json\/wp\/v2\/types\/product"}],"version-history":[{"count":3,"href":"https:\/\/espacetriathlon.com\/fr\/wp-json\/wp\/v2\/product\/13174\/revisions"}],"predecessor-version":[{"id":36085,"href":"https:\/\/espacetriathlon.com\/fr\/wp-json\/wp\/v2\/product\/13174\/revisions\/36085"}],"wp:featuredmedia":[{"embeddable":true,"href":"https:\/\/espacetriathlon.com\/fr\/wp-json\/wp\/v2\/media\/49656"}],"wp:attachment":[{"href":"https:\/\/espacetriathlon.com\/fr\/wp-json\/wp\/v2\/media?parent=13174"}],"wp:term":[{"taxonomy":"product_brand","embeddable":true,"href":"https:\/\/espacetriathlon.com\/fr\/wp-json\/wp\/v2\/product_brand?post=13174"},{"taxonomy":"product_cat","embeddable":true,"href":"https:\/\/espacetriathlon.com\/fr\/wp-json\/wp\/v2\/product_cat?post=13174"},{"taxonomy":"product_tag","embeddable":true,"href":"https:\/\/espacetriathlon.com\/fr\/wp-json\/wp\/v2\/product_tag?post=13174"}],"curies":[{"name":"wp","href":"https:\/\/api.w.org\/{rel}","templated":true}]}}