{"id":1318,"date":"2020-10-29T17:27:45","date_gmt":"2020-10-29T17:27:45","guid":{"rendered":"https:\/\/espacetriathlon.com\/product\/fastskin-elite-mirror\/"},"modified":"2025-02-19T14:42:02","modified_gmt":"2025-02-19T14:42:02","slug":"fastskin-elite-mirror","status":"publish","type":"product","link":"https:\/\/espacetriathlon.com\/fr\/product\/fastskin-elite-mirror\/","title":{"rendered":"FASTSKIN hyper Elite Mirror"},"content":{"rendered":"","protected":false},"excerpt":{"rendered":"<p>Speedo<\/p>\n<p>La lentille hydroscopique extra-plate offre une vision p\u00e9riph\u00e9rique am\u00e9lior\u00e9e de 180 degr\u00e9s et la technologie IQ Fit pour un ajustement pr\u00e9cis. Comprend trois tailles diff\u00e9rentes d&#8217;ar\u00eate nasale S\/M\/L pour un ajustement individuel et s\u00fbr IQfit : Joint de lentille 3D unique qui s&#8217;adapte parfaitement au contour de l&#8217;\u0153il et ne pr\u00e9sente aucune fuite Protection contre les UV, rev\u00eatement anti-bu\u00e9e, lentilles r\u00e9fl\u00e9chissantes<\/p>\n","protected":false},"featured_media":55659,"template":"","meta":[],"product_brand":[],"product_cat":[282],"product_tag":[],"class_list":{"0":"post-1318","1":"product","2":"type-product","3":"status-publish","4":"has-post-thumbnail","6":"product_cat-lunettes","7":"pa_brand-speedo","9":"first","10":"instock","11":"sale","12":"shipping-taxable","13":"purchasable","14":"product-type-variable"},"_links":{"self":[{"href":"https:\/\/espacetriathlon.com\/fr\/wp-json\/wp\/v2\/product\/1318","targetHints":{"allow":["GET"]}}],"collection":[{"href":"https:\/\/espacetriathlon.com\/fr\/wp-json\/wp\/v2\/product"}],"about":[{"href":"https:\/\/espacetriathlon.com\/fr\/wp-json\/wp\/v2\/types\/product"}],"version-history":[{"count":3,"href":"https:\/\/espacetriathlon.com\/fr\/wp-json\/wp\/v2\/product\/1318\/revisions"}],"predecessor-version":[{"id":36706,"href":"https:\/\/espacetriathlon.com\/fr\/wp-json\/wp\/v2\/product\/1318\/revisions\/36706"}],"wp:featuredmedia":[{"embeddable":true,"href":"https:\/\/espacetriathlon.com\/fr\/wp-json\/wp\/v2\/media\/55659"}],"wp:attachment":[{"href":"https:\/\/espacetriathlon.com\/fr\/wp-json\/wp\/v2\/media?parent=1318"}],"wp:term":[{"taxonomy":"product_brand","embeddable":true,"href":"https:\/\/espacetriathlon.com\/fr\/wp-json\/wp\/v2\/product_brand?post=1318"},{"taxonomy":"product_cat","embeddable":true,"href":"https:\/\/espacetriathlon.com\/fr\/wp-json\/wp\/v2\/product_cat?post=1318"},{"taxonomy":"product_tag","embeddable":true,"href":"https:\/\/espacetriathlon.com\/fr\/wp-json\/wp\/v2\/product_tag?post=1318"}],"curies":[{"name":"wp","href":"https:\/\/api.w.org\/{rel}","templated":true}]}}