{"id":13263,"date":"2022-05-03T06:34:07","date_gmt":"2022-05-03T06:34:07","guid":{"rendered":"https:\/\/espacetriathlon.com\/product\/apex-flex-men-alpha\/"},"modified":"2025-06-15T15:22:36","modified_gmt":"2025-06-15T15:22:36","slug":"apex-flex-men-v2","status":"publish","type":"product","link":"https:\/\/espacetriathlon.com\/fr\/product\/apex-flex-men-v2\/","title":{"rendered":"Apex Flex Men V2"},"content":{"rendered":"<p>44+: La technologie haut de gamme exclusive d\u2019Orca Yamamoto 44 est associ\u00e9e \u00e0 la doublure extr\u00eamement extensible Infinity Skin 2 pour procurer une sensation de libert\u00e9 maximale au niveau des \u00e9paules. Le traitement de surface Nano Ice SCS est utilis\u00e9 pour maximiser les propri\u00e9t\u00e9s hydrodynamiques, r\u00e9duisant la friction avec l&#8217;eau pour une vitesse maximale. La doublure int\u00e9rieure int\u00e8gre des fibres de bambou permettant une plus grande souplesse de mouvement, tout en r\u00e9duisant les odeurs et la pr\u00e9sence de bact\u00e9ries. Cette association offre une flexibilit\u00e9 maximale au niveau des \u00e9paules sur les combinaisons haut de gamme d\u2019Orca : elles s\u2019\u00e9tirent en exer\u00e7ant 90 % de force en moins que pour toute autre combinaison conventionnelle.<\/p>\n<p>40 FS : Pour une libert\u00e9 de mouvement, une \u00e9lasticit\u00e9 et une flexibilit\u00e9 maximales, les combinaisons haut de gamme d\u2019Orca int\u00e8grent la technologie Yamamoto 40, combin\u00e9e \u00e0 la doublure Infinity Skin 2 et \u00e0 la finition de surface Smoothskin. Gr\u00e2ce \u00e0 cette construction, le nageur en eau libre b\u00e9n\u00e9ficie d&#8217;une amplitude de mouvement maximale au niveau des \u00e9paules, puisque ce n\u00e9opr\u00e8ne s&#8217;\u00e9tire avec 72 % de force en moins qu&#8217;un n\u00e9opr\u00e8ne conventionnel. Les fibres de bambou de la doublure int\u00e9rieure apportent de la souplesse \u00e0 chaque mouvement, tout en r\u00e9duisant les mauvaises odeurs et la pr\u00e9sence de bact\u00e9ries.<\/p>\n<p>40 PF : La doublure compressive Power-fit, associ\u00e9e \u00e0 la technologie haut de gamme Yamamoto 40 d&#8217;Orca, offre un ajustement parfait au niveau du torse, emp\u00eachant l\u2019eau de circuler \u00e0 travers la combinaison. De plus, le traitement de surface Nano Ice SCS augmente les propri\u00e9t\u00e9s hydrodynamiques du n\u00e9opr\u00e8ne, r\u00e9duisant la friction avec l&#8217;eau et permettant au nageur en eau libre d\u2019augmenter sa vitesse de d\u00e9placement.<\/p>\n<p>La technologie 0.88 Free a \u00e9t\u00e9 d\u00e9velopp\u00e9e avec Yamamoto exclusivement pour Orca, avec l\u2019objectif de cr\u00e9er le mat\u00e9riau le plus \u00e9lastique qu\u2019il soit. Le n\u00e9opr\u00e8ne le plus fin existant sur le march\u00e9, de 0,5 mm d\u2019\u00e9paisseur, combine le meilleur lining avec une couche de rev\u00eatement titane pour un isolement thermique exceptionnel. Ce mat\u00e9riau r\u00e9volutionnaire est plac\u00e9 au niveau des bras pour vous apporter la compression n\u00e9cessaire sur les muscles du bras, ainsi qu\u2019une excellente flexibilit\u00e9 lorsque vous pliez le coude. Un pas en avant pour la technologie.<\/p>\n","protected":false},"excerpt":{"rendered":"<p>&nbsp;<\/p>\n<p>Apex Flex est la combinaison la plus flexible de la gamme Orca. Elle est con\u00e7ue pour les nageurs plus techniques, ceux qui se voient avantag\u00e9s par une grande flexibilit\u00e9 et n&#8217;ont pas besoin d&#8217;une flottabilit\u00e9 suppl\u00e9mentaire. La taille raccourcie de sa fermeture \u00e9clair invers\u00e9e permet la conception d&#8217;un mod\u00e8le plus \u00e9lastique. Ceci, associ\u00e9 aux mat\u00e9riaux les plus flexibles du march\u00e9 et aux meilleures propri\u00e9t\u00e9s hydrodynamiques, en fait la combinaison la plus rapide pour les meilleurs nageurs en eau libre.<\/p>\n<p>Mod\u00e8le 2025<\/p>\n","protected":false},"featured_media":48471,"template":"","meta":[],"product_brand":[],"product_cat":[306],"product_tag":[],"class_list":{"0":"post-13263","1":"product","2":"type-product","3":"status-publish","4":"has-post-thumbnail","6":"product_cat-wetsuit-neopren-fr","7":"pa_brand-orca","8":"pa_taille-orca-h-t5-162-172-cm-61-66-kg-fr","9":"pa_taille-orca-h-t6-167-175-cm-67-75-kg-fr","10":"pa_taille-orca-h-tmt-177-190-cm-68-76-kg","11":"pa_taille-orca-h-t7-173-185-cm-75-82-kg-fr","12":"pa_taille-orca-h-t8-180-188-cm-82-89-kg-fr","13":"pa_taille-orca-h-t9-185-193-cm-89-97-kg-fr","14":"pa_taille-orca-h-t10-190-196-cm-98-109-kg-fr","15":"pa_taille-orca-h-t11-193-200-cm-107-kg-fr","17":"first","18":"instock","19":"shipping-taxable","20":"purchasable","21":"product-type-variable"},"_links":{"self":[{"href":"https:\/\/espacetriathlon.com\/fr\/wp-json\/wp\/v2\/product\/13263","targetHints":{"allow":["GET"]}}],"collection":[{"href":"https:\/\/espacetriathlon.com\/fr\/wp-json\/wp\/v2\/product"}],"about":[{"href":"https:\/\/espacetriathlon.com\/fr\/wp-json\/wp\/v2\/types\/product"}],"version-history":[{"count":4,"href":"https:\/\/espacetriathlon.com\/fr\/wp-json\/wp\/v2\/product\/13263\/revisions"}],"predecessor-version":[{"id":48483,"href":"https:\/\/espacetriathlon.com\/fr\/wp-json\/wp\/v2\/product\/13263\/revisions\/48483"}],"wp:featuredmedia":[{"embeddable":true,"href":"https:\/\/espacetriathlon.com\/fr\/wp-json\/wp\/v2\/media\/48471"}],"wp:attachment":[{"href":"https:\/\/espacetriathlon.com\/fr\/wp-json\/wp\/v2\/media?parent=13263"}],"wp:term":[{"taxonomy":"product_brand","embeddable":true,"href":"https:\/\/espacetriathlon.com\/fr\/wp-json\/wp\/v2\/product_brand?post=13263"},{"taxonomy":"product_cat","embeddable":true,"href":"https:\/\/espacetriathlon.com\/fr\/wp-json\/wp\/v2\/product_cat?post=13263"},{"taxonomy":"product_tag","embeddable":true,"href":"https:\/\/espacetriathlon.com\/fr\/wp-json\/wp\/v2\/product_tag?post=13263"}],"curies":[{"name":"wp","href":"https:\/\/api.w.org\/{rel}","templated":true}]}}