{"id":1327,"date":"2020-10-29T17:27:44","date_gmt":"2020-10-29T17:27:44","guid":{"rendered":"https:\/\/espacetriathlon.com\/product\/dryland-cord\/"},"modified":"2024-07-15T09:04:06","modified_gmt":"2024-07-15T09:04:06","slug":"dryland-cord","status":"publish","type":"product","link":"https:\/\/espacetriathlon.com\/fr\/product\/dryland-cord\/","title":{"rendered":"DRYLAND CORD"},"content":{"rendered":"","protected":false},"excerpt":{"rendered":"<p>Finis<\/p>\n<p>Les Dryland Cords sont fabriqu\u00e9s avec des tubes en caoutchouc durables et des poign\u00e9es confortables. Fix\u00e9s \u00e0 un point d&#8217;ancrage, les Dryland Cords simulent des mouvements de nage hors de l&#8217;eau pour am\u00e9liorer la force et l&#8217;amplitude des mouvements. Les Dryland Cords conviennent aux nageurs de tous \u00e2ges et de toutes capacit\u00e9s, et sont disponibles en trois r\u00e9sistances diff\u00e9rentes. Les Dryland Cords offrent des options d&#8217;entra\u00eenement hors saison et de r\u00e9adaptation.<\/p>\n","protected":false},"featured_media":957,"template":"","meta":[],"product_brand":[],"product_cat":[2195,291],"product_tag":[],"class_list":{"0":"post-1327","1":"product","2":"type-product","3":"status-publish","4":"has-post-thumbnail","6":"product_cat-liquidations","7":"product_cat-aide-dentrainement","8":"pa_brand-finis","9":"pa_strength-light-fr","10":"pa_strength-medium-fr","11":"pa_strength-heavy-fr","13":"first","14":"instock","15":"sale","16":"shipping-taxable","17":"purchasable","18":"product-type-variable"},"_links":{"self":[{"href":"https:\/\/espacetriathlon.com\/fr\/wp-json\/wp\/v2\/product\/1327","targetHints":{"allow":["GET"]}}],"collection":[{"href":"https:\/\/espacetriathlon.com\/fr\/wp-json\/wp\/v2\/product"}],"about":[{"href":"https:\/\/espacetriathlon.com\/fr\/wp-json\/wp\/v2\/types\/product"}],"version-history":[{"count":2,"href":"https:\/\/espacetriathlon.com\/fr\/wp-json\/wp\/v2\/product\/1327\/revisions"}],"predecessor-version":[{"id":36699,"href":"https:\/\/espacetriathlon.com\/fr\/wp-json\/wp\/v2\/product\/1327\/revisions\/36699"}],"wp:featuredmedia":[{"embeddable":true,"href":"https:\/\/espacetriathlon.com\/fr\/wp-json\/wp\/v2\/media\/957"}],"wp:attachment":[{"href":"https:\/\/espacetriathlon.com\/fr\/wp-json\/wp\/v2\/media?parent=1327"}],"wp:term":[{"taxonomy":"product_brand","embeddable":true,"href":"https:\/\/espacetriathlon.com\/fr\/wp-json\/wp\/v2\/product_brand?post=1327"},{"taxonomy":"product_cat","embeddable":true,"href":"https:\/\/espacetriathlon.com\/fr\/wp-json\/wp\/v2\/product_cat?post=1327"},{"taxonomy":"product_tag","embeddable":true,"href":"https:\/\/espacetriathlon.com\/fr\/wp-json\/wp\/v2\/product_tag?post=1327"}],"curies":[{"name":"wp","href":"https:\/\/api.w.org\/{rel}","templated":true}]}}