{"id":1348,"date":"2020-10-29T17:27:43","date_gmt":"2020-10-29T17:27:43","guid":{"rendered":"https:\/\/espacetriathlon.com\/product\/paddle-pro\/"},"modified":"2024-07-15T08:40:39","modified_gmt":"2024-07-15T08:40:39","slug":"paddle-pro","status":"publish","type":"product","link":"https:\/\/espacetriathlon.com\/fr\/product\/paddle-pro\/","title":{"rendered":"Flat Paddle"},"content":{"rendered":"","protected":false},"excerpt":{"rendered":"<p>Orca<\/p>\n<p>Ces plaquettes sont con\u00e7ues pour \u00eatre utilis\u00e9es lors des programmes de renforcement musculaire les plus exigeants. Plates, d&#8217;une vaste surface, elles exigent une technique de brasse \u00e9labor\u00e9e pour \u00eatre utilis\u00e9e correctement.<\/p>\n","protected":false},"featured_media":49223,"template":"","meta":[],"product_brand":[],"product_cat":[285],"product_tag":[],"class_list":{"0":"post-1348","1":"product","2":"type-product","3":"status-publish","4":"has-post-thumbnail","6":"product_cat-paddles-fr","7":"pa_brand-orca","8":"pa_color_n-black-2","9":"pa_color_n-orange-3","10":"pa_size_cap-s-m-fr","11":"pa_size_cap-l-xl-fr","13":"first","14":"instock","15":"shipping-taxable","16":"purchasable","17":"product-type-variable"},"_links":{"self":[{"href":"https:\/\/espacetriathlon.com\/fr\/wp-json\/wp\/v2\/product\/1348","targetHints":{"allow":["GET"]}}],"collection":[{"href":"https:\/\/espacetriathlon.com\/fr\/wp-json\/wp\/v2\/product"}],"about":[{"href":"https:\/\/espacetriathlon.com\/fr\/wp-json\/wp\/v2\/types\/product"}],"version-history":[{"count":2,"href":"https:\/\/espacetriathlon.com\/fr\/wp-json\/wp\/v2\/product\/1348\/revisions"}],"predecessor-version":[{"id":36660,"href":"https:\/\/espacetriathlon.com\/fr\/wp-json\/wp\/v2\/product\/1348\/revisions\/36660"}],"wp:featuredmedia":[{"embeddable":true,"href":"https:\/\/espacetriathlon.com\/fr\/wp-json\/wp\/v2\/media\/49223"}],"wp:attachment":[{"href":"https:\/\/espacetriathlon.com\/fr\/wp-json\/wp\/v2\/media?parent=1348"}],"wp:term":[{"taxonomy":"product_brand","embeddable":true,"href":"https:\/\/espacetriathlon.com\/fr\/wp-json\/wp\/v2\/product_brand?post=1348"},{"taxonomy":"product_cat","embeddable":true,"href":"https:\/\/espacetriathlon.com\/fr\/wp-json\/wp\/v2\/product_cat?post=1348"},{"taxonomy":"product_tag","embeddable":true,"href":"https:\/\/espacetriathlon.com\/fr\/wp-json\/wp\/v2\/product_tag?post=1348"}],"curies":[{"name":"wp","href":"https:\/\/api.w.org\/{rel}","templated":true}]}}