{"id":13543,"date":"2022-05-06T08:43:55","date_gmt":"2022-05-06T08:43:55","guid":{"rendered":"https:\/\/espacetriathlon.com\/?post_type=product&#038;p=13543"},"modified":"2025-07-04T07:09:03","modified_gmt":"2025-07-04T07:09:03","slug":"athlex-aerosuit-men-silver-black-copy","status":"publish","type":"product","link":"https:\/\/espacetriathlon.com\/fr\/product\/athlex-aerosuit-men-silver-black-copy\/","title":{"rendered":"Athlex Aerosuit Women Silver Black"},"content":{"rendered":"<p>Aero : Ce tissu pr\u00e9sente des performances a\u00e9rodynamiques \u00e9lev\u00e9es gr\u00e2ce \u00e0 sa texture optimis\u00e9e. Il est \u00e9galement tr\u00e8s \u00e9lastique, ce qui offre un ajustement parfait et permet de nager sans restriction de mouvement.<\/p>\n<p>Vapour-cool : Bas\u00e9e sur l\u2019action des nanocristaux, cette technologie favorise le refroidissement du corps de l&#8217;athl\u00e8te, en facilitant l&#8217;\u00e9vaporation rapide de la sueur. Il offre \u00e9galement une bonne compression sans compromettre la flexibilit\u00e9 du v\u00eatement, assurant ainsi une coupe parfaitement ajust\u00e9e.<\/p>\n<p>Chamois Tri-tech : Le chamois italien Tri-Tech de 4 mm et d&#8217;une densit\u00e9 de 120 kgs\/m3 offre le plus grand confort sur le v\u00e9lo et s\u00e8che rapidement.<\/p>\n<p>Rangement : Les deux poches arri\u00e8re vous offrent l&#8217;espace n\u00e9cessaire pour ranger les \u00e9l\u00e9ments de nutrition dont vous aurez besoin pendant la course.<\/p>\n","protected":false},"excerpt":{"rendered":"<p>L\u2019Athlex Aero Race Suit int\u00e8gre des technologies ax\u00e9es sur l&#8217;am\u00e9lioration de l&#8217;a\u00e9rodynamisme, dans le but d&#8217;apporter des performances maximales lors des \u00e9preuves de triathlon longue distance. Le textile Aero plac\u00e9 aux \u00e9paules, aux bras et au dos offre de grandes performances a\u00e9rodynamiques pour le cyclisme et de la flexibilit\u00e9 pour la natation. Au buste et aux jambes, la technologie Vapour-cool contribue \u00e0 rafra\u00eechir le corps du triathl\u00e8te, en facilitant l&#8217;\u00e9vaporation rapide de la sueur.<\/p>\n","protected":false},"featured_media":49672,"template":"","meta":[],"product_brand":[],"product_cat":[1703],"product_tag":[],"class_list":{"0":"post-13543","1":"product","2":"type-product","3":"status-publish","4":"has-post-thumbnail","6":"product_cat-gear-fr","7":"pa_brand-orca","8":"pa_size-s-fr","9":"pa_size-m-fr","10":"pa_size-l-fr","11":"pa_size-xl-fr","13":"first","14":"instock","15":"shipping-taxable","16":"purchasable","17":"product-type-variable"},"_links":{"self":[{"href":"https:\/\/espacetriathlon.com\/fr\/wp-json\/wp\/v2\/product\/13543","targetHints":{"allow":["GET"]}}],"collection":[{"href":"https:\/\/espacetriathlon.com\/fr\/wp-json\/wp\/v2\/product"}],"about":[{"href":"https:\/\/espacetriathlon.com\/fr\/wp-json\/wp\/v2\/types\/product"}],"version-history":[{"count":5,"href":"https:\/\/espacetriathlon.com\/fr\/wp-json\/wp\/v2\/product\/13543\/revisions"}],"predecessor-version":[{"id":36033,"href":"https:\/\/espacetriathlon.com\/fr\/wp-json\/wp\/v2\/product\/13543\/revisions\/36033"}],"wp:featuredmedia":[{"embeddable":true,"href":"https:\/\/espacetriathlon.com\/fr\/wp-json\/wp\/v2\/media\/49672"}],"wp:attachment":[{"href":"https:\/\/espacetriathlon.com\/fr\/wp-json\/wp\/v2\/media?parent=13543"}],"wp:term":[{"taxonomy":"product_brand","embeddable":true,"href":"https:\/\/espacetriathlon.com\/fr\/wp-json\/wp\/v2\/product_brand?post=13543"},{"taxonomy":"product_cat","embeddable":true,"href":"https:\/\/espacetriathlon.com\/fr\/wp-json\/wp\/v2\/product_cat?post=13543"},{"taxonomy":"product_tag","embeddable":true,"href":"https:\/\/espacetriathlon.com\/fr\/wp-json\/wp\/v2\/product_tag?post=13543"}],"curies":[{"name":"wp","href":"https:\/\/api.w.org\/{rel}","templated":true}]}}