{"id":1369,"date":"2020-10-29T17:27:41","date_gmt":"2020-10-29T17:27:41","guid":{"rendered":"https:\/\/espacetriathlon.com\/product\/agility-paddle\/"},"modified":"2025-10-15T13:53:06","modified_gmt":"2025-10-15T13:53:06","slug":"agility-paddle","status":"publish","type":"product","link":"https:\/\/espacetriathlon.com\/fr\/product\/agility-paddle\/","title":{"rendered":"AGILITY Paddle"},"content":{"rendered":"<p>CONCEPTION SANS BRETELLES<br \/>\nPas de sangles cass\u00e9es ou inconfortables vous obligeant \u00e0 vous battre avec l&#8217;eau.<\/p>\n<p>SENSIBILISE AUX MOUVEMENTS<br \/>\nLe design convexe permet de prendre conscience des imperfections du trait et augmente la sensation de l&#8217;eau.<\/p>\n<p>TROU DE POUCE A\u00c9RODYNAMIQUE<br \/>\nCr\u00e9e un bon placement de la main &#8211; Appliquez une pression avec la paume de votre main pour la maintenir, ne la saisissez pas.<\/p>\n<p>NOUVEAU MAT\u00c9RIEL FLOTTANT<br \/>\nIl est maintenant fabriqu\u00e9 dans un mat\u00e9riau flottant qui convient parfaitement aux programmes d&#8217;apprentissage de la natation et \u00e0 la natation en eau libre.<\/p>\n<p>RETOUR D&#8217;INFORMATION INSTANTAN\u00c9<br \/>\nLes palettes resteront en place si vous gardez un coude \u00e9lev\u00e9 pendant toute la phase de traction de votre course (position verticale pr\u00e9coce de l&#8217;avant-bras).<\/p>\n<p>LES QUATRE NAGES<br \/>\nOutil polyvalent pour le papillon, le dos, la brasse et le freestyle.<\/p>\n<p>RENFORCE LA FORCE<br \/>\nFaible impact, vous permettra de vous muscler en toute s\u00e9curit\u00e9.<\/p>\n","protected":false},"excerpt":{"rendered":"<p>Finis<\/p>\n<p>Con\u00e7u pour fournir un retour d&#8217;information instantan\u00e9 sur les imperfections techniques.<\/p>\n<p>La conception ergonomique avanc\u00e9e enseigne une position verticale pr\u00e9coce de l&#8217;avant-bras pour augmenter l&#8217;efficacit\u00e9 des mouvements. La forme convexe exige une position correcte de la main, avec la paume positive. En raison de la conception sans sangle, une technique incorrecte fera tomber les palettes.<\/p>\n","protected":false},"featured_media":886,"template":"","meta":[],"product_brand":[],"product_cat":[285],"product_tag":[],"class_list":{"0":"post-1369","1":"product","2":"type-product","3":"status-publish","4":"has-post-thumbnail","6":"product_cat-paddles-fr","7":"pa_brand-finis","8":"pa_size-xs-fr","9":"pa_size-s-fr","10":"pa_size-m-fr","11":"pa_size-l-fr","13":"first","14":"instock","15":"shipping-taxable","16":"purchasable","17":"product-type-variable"},"_links":{"self":[{"href":"https:\/\/espacetriathlon.com\/fr\/wp-json\/wp\/v2\/product\/1369","targetHints":{"allow":["GET"]}}],"collection":[{"href":"https:\/\/espacetriathlon.com\/fr\/wp-json\/wp\/v2\/product"}],"about":[{"href":"https:\/\/espacetriathlon.com\/fr\/wp-json\/wp\/v2\/types\/product"}],"version-history":[{"count":3,"href":"https:\/\/espacetriathlon.com\/fr\/wp-json\/wp\/v2\/product\/1369\/revisions"}],"predecessor-version":[{"id":36633,"href":"https:\/\/espacetriathlon.com\/fr\/wp-json\/wp\/v2\/product\/1369\/revisions\/36633"}],"wp:featuredmedia":[{"embeddable":true,"href":"https:\/\/espacetriathlon.com\/fr\/wp-json\/wp\/v2\/media\/886"}],"wp:attachment":[{"href":"https:\/\/espacetriathlon.com\/fr\/wp-json\/wp\/v2\/media?parent=1369"}],"wp:term":[{"taxonomy":"product_brand","embeddable":true,"href":"https:\/\/espacetriathlon.com\/fr\/wp-json\/wp\/v2\/product_brand?post=1369"},{"taxonomy":"product_cat","embeddable":true,"href":"https:\/\/espacetriathlon.com\/fr\/wp-json\/wp\/v2\/product_cat?post=1369"},{"taxonomy":"product_tag","embeddable":true,"href":"https:\/\/espacetriathlon.com\/fr\/wp-json\/wp\/v2\/product_tag?post=1369"}],"curies":[{"name":"wp","href":"https:\/\/api.w.org\/{rel}","templated":true}]}}