{"id":1376,"date":"2020-10-29T17:27:41","date_gmt":"2020-10-29T17:27:41","guid":{"rendered":"https:\/\/espacetriathlon.com\/product\/alignement-kickboard\/"},"modified":"2025-04-20T06:48:14","modified_gmt":"2025-04-20T06:48:14","slug":"alignement-kickboard","status":"publish","type":"product","link":"https:\/\/espacetriathlon.com\/fr\/product\/alignement-kickboard\/","title":{"rendered":"ALIGNMENT KICKBOARD"},"content":{"rendered":"<p>ract\u00e9ristiques :<\/p>\n<p>&#8211; Profil hydrodynamique : Favorise une position corporelle rationalis\u00e9e du bout des doigts aux orteils<br \/>\n&#8211; Conception de submersibles : Cr\u00e9e un alignement id\u00e9al du corps lorsqu&#8217;il est utilis\u00e9 juste en dessous de la ligne de flottaison<br \/>\n&#8211; Sangle de stabilisation : Permet de contr\u00f4ler la planche sans la saisir, et place les mains et les bras dans une position correcte et profil\u00e9e<br \/>\n&#8211; Epaule en s\u00e9curit\u00e9 : Une conception plus petite r\u00e9duit la pression sur les \u00e9paules<br \/>\n&#8211; Structure l\u00e9g\u00e8re : Le cadre compact facilite le stockage et le transport<br \/>\n&#8211; Les quatre coups de nage : Id\u00e9al pour les coups de pied standard, les exercices avec un bras et les coups de pied lat\u00e9raux dans les quatre nages de comp\u00e9tition.<br \/>\n&#8211; Mousse EVA : Offre une durabilit\u00e9 et pr\u00e9vient l&#8217;irritation de la peau<\/p>\n","protected":false},"excerpt":{"rendered":"<p>Finis<\/p>\n<p>L&#8217;Aligment Quickboard utilise une conception hydrodynamique pour am\u00e9liorer la position du corps. La sangle de stabilisation permet un contr\u00f4le complet de la planche sans pr\u00e9hension, cr\u00e9ant un alignement parfait du bout des doigts aux orteils. Lorsqu&#8217;elle est utilis\u00e9e correctement, la planche d&#8217;alignement se trouve juste en dessous de la ligne de flottaison, ce qui permet aux nageurs d&#8217;allonger leur corps sans avoir \u00e0 donner des coups de pied en pente. De conception plus courte, le Alignment Kickboard exerce moins de pression sur les \u00e9paules que les planches \u00e0 pied standard. Un excellent outil d&#8217;entra\u00eenement, la planche peut \u00eatre utilis\u00e9e pour faire des exercices avec un bras et des coups de pied lat\u00e9raux en plus des coups de pied normaux. Associ\u00e9 \u00e0 un tuba, le Alignment Kickboard favorise un bon alignement de la t\u00eate et am\u00e9liore la technique g\u00e9n\u00e9rale.<\/p>\n","protected":false},"featured_media":890,"template":"","meta":[],"product_brand":[],"product_cat":[291],"product_tag":[],"class_list":{"0":"post-1376","1":"product","2":"type-product","3":"status-publish","4":"has-post-thumbnail","6":"product_cat-aide-dentrainement","7":"pa_brand-finis","9":"first","10":"instock","11":"shipping-taxable","12":"purchasable","13":"product-type-simple"},"_links":{"self":[{"href":"https:\/\/espacetriathlon.com\/fr\/wp-json\/wp\/v2\/product\/1376","targetHints":{"allow":["GET"]}}],"collection":[{"href":"https:\/\/espacetriathlon.com\/fr\/wp-json\/wp\/v2\/product"}],"about":[{"href":"https:\/\/espacetriathlon.com\/fr\/wp-json\/wp\/v2\/types\/product"}],"version-history":[{"count":3,"href":"https:\/\/espacetriathlon.com\/fr\/wp-json\/wp\/v2\/product\/1376\/revisions"}],"predecessor-version":[{"id":45405,"href":"https:\/\/espacetriathlon.com\/fr\/wp-json\/wp\/v2\/product\/1376\/revisions\/45405"}],"wp:featuredmedia":[{"embeddable":true,"href":"https:\/\/espacetriathlon.com\/fr\/wp-json\/wp\/v2\/media\/890"}],"wp:attachment":[{"href":"https:\/\/espacetriathlon.com\/fr\/wp-json\/wp\/v2\/media?parent=1376"}],"wp:term":[{"taxonomy":"product_brand","embeddable":true,"href":"https:\/\/espacetriathlon.com\/fr\/wp-json\/wp\/v2\/product_brand?post=1376"},{"taxonomy":"product_cat","embeddable":true,"href":"https:\/\/espacetriathlon.com\/fr\/wp-json\/wp\/v2\/product_cat?post=1376"},{"taxonomy":"product_tag","embeddable":true,"href":"https:\/\/espacetriathlon.com\/fr\/wp-json\/wp\/v2\/product_tag?post=1376"}],"curies":[{"name":"wp","href":"https:\/\/api.w.org\/{rel}","templated":true}]}}