{"id":14022,"date":"2022-06-14T13:52:05","date_gmt":"2022-06-14T13:52:05","guid":{"rendered":"https:\/\/espacetriathlon.com\/product\/aesir-thermal-men-swimrun\/"},"modified":"2024-07-12T05:30:51","modified_gmt":"2024-07-12T05:30:51","slug":"aesir-thermal-men-swimrun","status":"publish","type":"product","link":"https:\/\/espacetriathlon.com\/fr\/product\/aesir-thermal-men-swimrun\/","title":{"rendered":"Aesir Thermal men Swimrun"},"content":{"rendered":"<p>ISOLATION THERMIQUE<br \/>\nGr\u00e2ce \u00e0 la combinaison du n\u00e9opr\u00e8ne Yamamoto 40 de 4 mm et de la doublure int\u00e9rieure Light Thermal, vous pourrez profiter pleinement de chaque course de swimrun, m\u00eame par temp\u00e9ratures tr\u00e8s basses. Ces technologies am\u00e9liorent l&#8217;isolation thermique de la combinaison tout en offrant l&#8217;extensibilit\u00e9 et la l\u00e9g\u00e8ret\u00e9 requises pour affronter chaque aventure dans les meilleures conditions.<\/p>\n<p>\u00c9LASTICIT\u00c9 \u00c9LEV\u00c9E<br \/>\nBien que cette combinaison soit l\u00e9g\u00e8rement moins extensible que celles de la gamme Flex en raison de son isolation thermique \u00e9lev\u00e9e, l\u2019association optimis\u00e9e de mat\u00e9riaux permet d\u2019atteindre des performances maximales.<\/p>\n<p>R\u00c9SISTANCE<br \/>\nLe textile ext\u00e9rieur DuraSkin 2 sur la partie inf\u00e9rieure du torse prot\u00e8ge cette combinaison de toute abrasion caus\u00e9e par les accessoires ou les obstacles que le swimrunner peut rencontrer sur son parcours, augmentant ainsi la durabilit\u00e9 de sa combinaison.<\/p>\n","protected":false},"excerpt":{"rendered":"<p>La Combinasion Swimrun Aesir Thermal est la version (r)\u00e9volu\u00e9e de la combinaison Swimrun RS1.<\/p>\n<p>L&#8217;Aesir Thermal est la combinaison comportant l\u2019isolation thermique la plus performante de la gamme Swimrun Orca. Elle est dot\u00e9e d&#8217;une doublure l\u00e9g\u00e8re Light Thermal pour une meilleure conservation de la chaleur, et d&#8217;une fermeture \u00e9clair sur le devant pour plus de confort en course \u00e0 pied comme en natation. La technologie 40+ offre une grande \u00e9lasticit\u00e9 sans compromettre la durabilit\u00e9, gr\u00e2ce au textile ext\u00e9rieur des jambes.<\/p>\n","protected":false},"featured_media":49702,"template":"","meta":[],"product_brand":[],"product_cat":[273],"product_tag":[],"class_list":{"0":"post-14022","1":"product","2":"type-product","3":"status-publish","4":"has-post-thumbnail","6":"product_cat-swimrun-fr","7":"pa_brand-orca","8":"pa_taille-orca-h-t5-162-172-cm-61-66-kg-fr","9":"pa_taille-orca-h-t6-167-175-cm-67-75-kg-fr","10":"pa_taille-orca-h-tmt-177-190-cm-68-76-kg","11":"pa_taille-orca-h-t7-173-185-cm-75-82-kg-fr","12":"pa_taille-orca-h-t8-180-188-cm-82-89-kg-fr","13":"pa_taille-orca-h-t9-185-193-cm-89-97-kg-fr","15":"first","16":"instock","17":"shipping-taxable","18":"purchasable","19":"product-type-variable"},"_links":{"self":[{"href":"https:\/\/espacetriathlon.com\/fr\/wp-json\/wp\/v2\/product\/14022","targetHints":{"allow":["GET"]}}],"collection":[{"href":"https:\/\/espacetriathlon.com\/fr\/wp-json\/wp\/v2\/product"}],"about":[{"href":"https:\/\/espacetriathlon.com\/fr\/wp-json\/wp\/v2\/types\/product"}],"version-history":[{"count":3,"href":"https:\/\/espacetriathlon.com\/fr\/wp-json\/wp\/v2\/product\/14022\/revisions"}],"predecessor-version":[{"id":35975,"href":"https:\/\/espacetriathlon.com\/fr\/wp-json\/wp\/v2\/product\/14022\/revisions\/35975"}],"wp:featuredmedia":[{"embeddable":true,"href":"https:\/\/espacetriathlon.com\/fr\/wp-json\/wp\/v2\/media\/49702"}],"wp:attachment":[{"href":"https:\/\/espacetriathlon.com\/fr\/wp-json\/wp\/v2\/media?parent=14022"}],"wp:term":[{"taxonomy":"product_brand","embeddable":true,"href":"https:\/\/espacetriathlon.com\/fr\/wp-json\/wp\/v2\/product_brand?post=14022"},{"taxonomy":"product_cat","embeddable":true,"href":"https:\/\/espacetriathlon.com\/fr\/wp-json\/wp\/v2\/product_cat?post=14022"},{"taxonomy":"product_tag","embeddable":true,"href":"https:\/\/espacetriathlon.com\/fr\/wp-json\/wp\/v2\/product_tag?post=14022"}],"curies":[{"name":"wp","href":"https:\/\/api.w.org\/{rel}","templated":true}]}}