{"id":14053,"date":"2022-06-14T14:37:03","date_gmt":"2022-06-14T14:37:03","guid":{"rendered":"https:\/\/espacetriathlon.com\/product\/aesir-flex-swimrun-men\/"},"modified":"2024-07-12T05:25:33","modified_gmt":"2024-07-12T05:25:33","slug":"aesir-flex-swimrun-men","status":"publish","type":"product","link":"https:\/\/espacetriathlon.com\/fr\/product\/aesir-flex-swimrun-men\/","title":{"rendered":"Aesir Flex Swimrun Men"},"content":{"rendered":"<p>\u00c9LASTICIT\u00c9 SUP\u00c9RIEURE<br \/>\nL&#8217;\u00e9lasticit\u00e9 et la libert\u00e9 de mouvement sont des facteurs n\u00e9cessaires dans la pratique du swimrun. Gr\u00e2ce \u00e0 la construction de type gilet, \u00e0 l&#8217;utilisation du Yamamoto 40 et des textiles les plus avanc\u00e9s, l&#8217;Aesir Flex est le n\u00e9opr\u00e8ne le plus \u00e9lastique de la gamme.<\/p>\n<p>PERFORMANCE MAXIMALE<br \/>\nPour courir comme pour nager, les constructions et les mat\u00e9riaux utilis\u00e9s vous permettront de donner le meilleur de vous-m\u00eame lors de chaque comp\u00e9tition de swimrun. Ceci est obtenu gr\u00e2ce \u00e0 l&#8217;int\u00e9gration de technologies visant \u00e0 am\u00e9liorer l&#8217;ajustement et l&#8217;hydrodynamisme de la combinaison, emp\u00eachant l&#8217;eau de p\u00e9n\u00e9trer au niveau de la poitrine et du dos.<\/p>\n<p>R\u00c9SISTANCE<br \/>\nLe nouveau mat\u00e9riau DuraSkin 2 sur la partie inf\u00e9rieure du torse prot\u00e8ge cette combinaison de toute abrasion caus\u00e9e par les accessoires ou les obstacles que le swimrunner peut rencontrer lors de ses aventures outdoor, augmentant ainsi sa durabilit\u00e9.<br \/>\nCAPACIT\u00c9 DE TRANSPORT<br \/>\nUne poche arri\u00e8re de 15 x 12 cm est int\u00e9gr\u00e9e pour permettre \u00e0 l\u2019athl\u00e8te de transporter quelques \u00e9l\u00e9ments de base afin d\u2019aborder ses entra\u00eenements et comp\u00e9titions en toute s\u00e9curit\u00e9.<\/p>\n","protected":false},"excerpt":{"rendered":"<p>La Combinasion Swimrun Aesir Flex est la version (r)\u00e9volu\u00e9e de la combinaison Swimrun Perform.<\/p>\n<p>La combinaison Aesir Flex est la plus extensible de la gamme Swimrun d&#8217;Orca. Elle int\u00e8gre une construction de type gilet, con\u00e7ue pour favoriser les performances, tant en course \u00e0 pied qu&#8217;en natation. En outre, la technologie 40+ offre une plus grande \u00e9lasticit\u00e9 sans compromettre la durabilit\u00e9, gr\u00e2ce au textile ext\u00e9rieur des jambes.<\/p>\n","protected":false},"featured_media":49918,"template":"","meta":[],"product_brand":[],"product_cat":[273],"product_tag":[],"class_list":{"0":"post-14053","1":"product","2":"type-product","3":"status-publish","4":"has-post-thumbnail","6":"product_cat-swimrun-fr","7":"pa_brand-orca","8":"pa_taille-orca-h-t6-167-175-cm-67-75-kg-fr","9":"pa_taille-orca-h-tmt-177-190-cm-68-76-kg","10":"pa_taille-orca-h-t7-173-185-cm-75-82-kg-fr","11":"pa_taille-orca-h-t8-180-188-cm-82-89-kg-fr","12":"pa_taille-orca-h-t9-185-193-cm-89-97-kg-fr","14":"first","15":"instock","16":"shipping-taxable","17":"purchasable","18":"product-type-variable"},"_links":{"self":[{"href":"https:\/\/espacetriathlon.com\/fr\/wp-json\/wp\/v2\/product\/14053","targetHints":{"allow":["GET"]}}],"collection":[{"href":"https:\/\/espacetriathlon.com\/fr\/wp-json\/wp\/v2\/product"}],"about":[{"href":"https:\/\/espacetriathlon.com\/fr\/wp-json\/wp\/v2\/types\/product"}],"version-history":[{"count":3,"href":"https:\/\/espacetriathlon.com\/fr\/wp-json\/wp\/v2\/product\/14053\/revisions"}],"predecessor-version":[{"id":35967,"href":"https:\/\/espacetriathlon.com\/fr\/wp-json\/wp\/v2\/product\/14053\/revisions\/35967"}],"wp:featuredmedia":[{"embeddable":true,"href":"https:\/\/espacetriathlon.com\/fr\/wp-json\/wp\/v2\/media\/49918"}],"wp:attachment":[{"href":"https:\/\/espacetriathlon.com\/fr\/wp-json\/wp\/v2\/media?parent=14053"}],"wp:term":[{"taxonomy":"product_brand","embeddable":true,"href":"https:\/\/espacetriathlon.com\/fr\/wp-json\/wp\/v2\/product_brand?post=14053"},{"taxonomy":"product_cat","embeddable":true,"href":"https:\/\/espacetriathlon.com\/fr\/wp-json\/wp\/v2\/product_cat?post=14053"},{"taxonomy":"product_tag","embeddable":true,"href":"https:\/\/espacetriathlon.com\/fr\/wp-json\/wp\/v2\/product_tag?post=14053"}],"curies":[{"name":"wp","href":"https:\/\/api.w.org\/{rel}","templated":true}]}}