{"id":1456,"date":"2020-10-29T17:28:20","date_gmt":"2020-10-29T17:28:20","guid":{"rendered":"https:\/\/espacetriathlon.com\/product\/swimrun-bungee-cord\/"},"modified":"2025-05-08T19:18:50","modified_gmt":"2025-05-08T19:18:50","slug":"swimrun-bungee-cord","status":"publish","type":"product","link":"https:\/\/espacetriathlon.com\/fr\/product\/swimrun-bungee-cord\/","title":{"rendered":"SwimRun Bungee Cord"},"content":{"rendered":"<p>Le cordon \u00e9lastique Swimrun d&#8217;Orca vous relie \u00e0 votre \u00e9quipier lors de la course. Il est constitu\u00e9 de deux ceintures de comp\u00e9tition et d&#8217;un cordon \u00e9lastique de 3 m\u00e8tres comportant une boucle de r\u00e9glage pour vous relier \u00e0 votre \u00e9quipier et une autre boucle fixe pour maintenir vos accessoires, afin que vous puissiez garder les mains libres durant la course. Il vous relie \u00e0 votre \u00e9quipier \u00e0 tout moment, sans que vous n&#8217;ayez \u00e0 vous en soucier.<\/p>\n","protected":false},"excerpt":{"rendered":"<p>Orca<\/p>\n<p>Le cordon \u00e9lastique Swimrun d&#8217;Orca vous relie \u00e0 votre \u00e9quipier lors de la course. Il est constitu\u00e9 de deux ceintures de comp\u00e9tition et d&#8217;un cordon \u00e9lastique de 3 m\u00e8tres comportant une boucle de r\u00e9glage pour vous relier \u00e0 votre \u00e9quipier et une autre boucle fixe pour maintenir vos accessoires, afin que vous puissiez garder les mains libres durant la course. Il vous relie \u00e0 votre \u00e9quipier \u00e0 tout moment, sans que vous n&#8217;ayez \u00e0 vous en soucier.<\/p>\n","protected":false},"featured_media":1030,"template":"","meta":[],"product_brand":[],"product_cat":[273],"product_tag":[],"class_list":{"0":"post-1456","1":"product","2":"type-product","3":"status-publish","4":"has-post-thumbnail","6":"product_cat-swimrun-fr","7":"pa_brand-orca","9":"first","10":"instock","11":"shipping-taxable","12":"purchasable","13":"product-type-simple"},"_links":{"self":[{"href":"https:\/\/espacetriathlon.com\/fr\/wp-json\/wp\/v2\/product\/1456","targetHints":{"allow":["GET"]}}],"collection":[{"href":"https:\/\/espacetriathlon.com\/fr\/wp-json\/wp\/v2\/product"}],"about":[{"href":"https:\/\/espacetriathlon.com\/fr\/wp-json\/wp\/v2\/types\/product"}],"version-history":[{"count":3,"href":"https:\/\/espacetriathlon.com\/fr\/wp-json\/wp\/v2\/product\/1456\/revisions"}],"predecessor-version":[{"id":36912,"href":"https:\/\/espacetriathlon.com\/fr\/wp-json\/wp\/v2\/product\/1456\/revisions\/36912"}],"wp:featuredmedia":[{"embeddable":true,"href":"https:\/\/espacetriathlon.com\/fr\/wp-json\/wp\/v2\/media\/1030"}],"wp:attachment":[{"href":"https:\/\/espacetriathlon.com\/fr\/wp-json\/wp\/v2\/media?parent=1456"}],"wp:term":[{"taxonomy":"product_brand","embeddable":true,"href":"https:\/\/espacetriathlon.com\/fr\/wp-json\/wp\/v2\/product_brand?post=1456"},{"taxonomy":"product_cat","embeddable":true,"href":"https:\/\/espacetriathlon.com\/fr\/wp-json\/wp\/v2\/product_cat?post=1456"},{"taxonomy":"product_tag","embeddable":true,"href":"https:\/\/espacetriathlon.com\/fr\/wp-json\/wp\/v2\/product_tag?post=1456"}],"curies":[{"name":"wp","href":"https:\/\/api.w.org\/{rel}","templated":true}]}}