{"id":14881,"date":"2022-08-12T12:06:39","date_gmt":"2022-08-12T12:06:39","guid":{"rendered":"https:\/\/espacetriathlon.com\/product\/manta-swim-paddles\/"},"modified":"2024-07-11T12:33:35","modified_gmt":"2024-07-11T12:33:35","slug":"manta-swim-paddles","status":"publish","type":"product","link":"https:\/\/espacetriathlon.com\/fr\/product\/manta-swim-paddles\/","title":{"rendered":"Manta Swim Paddles"},"content":{"rendered":"<p>INCREASE STRENGTH: Designed to build muscle and improve distance-per-stroke.<br \/>\nSTRAPLESS DESIGN: No more fussing over uncomfortable or broken straps. The Manta Paddles provide a comfortable fit to the natural contour of the hand.<br \/>\nLOW IMPACT: Vent holes allow water to pass through the paddle, allowing the swimmer to maintain their feel for the water.<br \/>\nFOUR FINGER SIZES: While every paddle has the same diameter, size is based on the circumference of your middle finger. Please refer to the size chart.<br \/>\nFLOATING MATERIAL: Lightweight and durable Manta Paddles are made to float so you won&#8217;t lose them.<\/p>\n","protected":false},"excerpt":{"rendered":"<p>Les plaquettes Manta sont con\u00e7ues pour augmenter la force, l&#8217;efficacit\u00e9 de la nage et sa distance. Construites avec le m\u00eame mat\u00e9riau l\u00e9ger, durable et flottant que nos paddles Agility, ces pagaies sont confortables \u00e0 porter et ne se perdront pas sous l&#8217;eau. Le design sans bretelles s&#8217;adapte au contour naturel de ta main et t&#8217;apprend \u00e0 appliquer une pression uniforme tout au long de ta traction. La courbe de la pagaie te permet d&#8217;atteindre l&#8217;extension compl\u00e8te tout en for\u00e7ant doucement ta main dans la prise de ta course. Les trous d&#8217;a\u00e9ration permettent \u00e0 l&#8217;eau de passer en douceur dans la plaquette, ce qui permet au nageur de conserver une bonne sensation de l&#8217;eau.<\/p>\n","protected":false},"featured_media":49858,"template":"","meta":[],"product_brand":[],"product_cat":[285],"product_tag":[],"class_list":{"0":"post-14881","1":"product","2":"type-product","3":"status-publish","4":"has-post-thumbnail","6":"product_cat-paddles-fr","7":"pa_brand-finis","8":"pa_size-s-fr","9":"pa_size-m-fr","10":"pa_size-l-fr","12":"first","13":"instock","14":"sale","15":"shipping-taxable","16":"purchasable","17":"product-type-variable"},"_links":{"self":[{"href":"https:\/\/espacetriathlon.com\/fr\/wp-json\/wp\/v2\/product\/14881","targetHints":{"allow":["GET"]}}],"collection":[{"href":"https:\/\/espacetriathlon.com\/fr\/wp-json\/wp\/v2\/product"}],"about":[{"href":"https:\/\/espacetriathlon.com\/fr\/wp-json\/wp\/v2\/types\/product"}],"version-history":[{"count":3,"href":"https:\/\/espacetriathlon.com\/fr\/wp-json\/wp\/v2\/product\/14881\/revisions"}],"predecessor-version":[{"id":35897,"href":"https:\/\/espacetriathlon.com\/fr\/wp-json\/wp\/v2\/product\/14881\/revisions\/35897"}],"wp:featuredmedia":[{"embeddable":true,"href":"https:\/\/espacetriathlon.com\/fr\/wp-json\/wp\/v2\/media\/49858"}],"wp:attachment":[{"href":"https:\/\/espacetriathlon.com\/fr\/wp-json\/wp\/v2\/media?parent=14881"}],"wp:term":[{"taxonomy":"product_brand","embeddable":true,"href":"https:\/\/espacetriathlon.com\/fr\/wp-json\/wp\/v2\/product_brand?post=14881"},{"taxonomy":"product_cat","embeddable":true,"href":"https:\/\/espacetriathlon.com\/fr\/wp-json\/wp\/v2\/product_cat?post=14881"},{"taxonomy":"product_tag","embeddable":true,"href":"https:\/\/espacetriathlon.com\/fr\/wp-json\/wp\/v2\/product_tag?post=14881"}],"curies":[{"name":"wp","href":"https:\/\/api.w.org\/{rel}","templated":true}]}}