{"id":15396,"date":"2022-10-16T10:41:09","date_gmt":"2022-10-16T10:41:09","guid":{"rendered":"https:\/\/espacetriathlon.com\/?post_type=product&#038;p=15396"},"modified":"2024-11-25T15:34:53","modified_gmt":"2024-11-25T15:34:53","slug":"men-openwater-core-gloves","status":"publish","type":"product","link":"https:\/\/espacetriathlon.com\/fr\/product\/men-openwater-core-gloves\/","title":{"rendered":"Men Openwater Core Gloves"},"content":{"rendered":"<p>Materials: They are made with 2 mm thick neoprene, along with a highly elastic inner lining for a better fit. <\/p>\n<p>Pattern: The extra-long pattern allows the gloves to overlap the wetsuit for better insulation.<\/p>\n","protected":false},"excerpt":{"rendered":"<p>Les Core Gloves sont confectionn\u00e9s \u00e0 partir d&#8217;un n\u00e9opr\u00e8ne de 2 mm d&#8217;\u00e9paisseur et pr\u00e9sentent une coupe optimis\u00e9e, cr\u00e9ant un gant hautement flexible et permettant une isolation thermique \u00e9lev\u00e9e afin que vous puissiez nager dans le plus grand confort en eau froide.<\/p>\n","protected":false},"featured_media":49797,"template":"","meta":[],"product_brand":[],"product_cat":[985,270],"product_tag":[],"class_list":{"0":"post-15396","1":"product","2":"type-product","3":"status-publish","4":"has-post-thumbnail","6":"product_cat-apnee","7":"product_cat-openwater-fr","8":"pa_brand-orca","9":"pa_size-s-fr","10":"pa_size-m-fr","11":"pa_size-l-fr","13":"first","14":"instock","15":"shipping-taxable","16":"purchasable","17":"product-type-variable"},"_links":{"self":[{"href":"https:\/\/espacetriathlon.com\/fr\/wp-json\/wp\/v2\/product\/15396","targetHints":{"allow":["GET"]}}],"collection":[{"href":"https:\/\/espacetriathlon.com\/fr\/wp-json\/wp\/v2\/product"}],"about":[{"href":"https:\/\/espacetriathlon.com\/fr\/wp-json\/wp\/v2\/types\/product"}],"version-history":[{"count":3,"href":"https:\/\/espacetriathlon.com\/fr\/wp-json\/wp\/v2\/product\/15396\/revisions"}],"predecessor-version":[{"id":35829,"href":"https:\/\/espacetriathlon.com\/fr\/wp-json\/wp\/v2\/product\/15396\/revisions\/35829"}],"wp:featuredmedia":[{"embeddable":true,"href":"https:\/\/espacetriathlon.com\/fr\/wp-json\/wp\/v2\/media\/49797"}],"wp:attachment":[{"href":"https:\/\/espacetriathlon.com\/fr\/wp-json\/wp\/v2\/media?parent=15396"}],"wp:term":[{"taxonomy":"product_brand","embeddable":true,"href":"https:\/\/espacetriathlon.com\/fr\/wp-json\/wp\/v2\/product_brand?post=15396"},{"taxonomy":"product_cat","embeddable":true,"href":"https:\/\/espacetriathlon.com\/fr\/wp-json\/wp\/v2\/product_cat?post=15396"},{"taxonomy":"product_tag","embeddable":true,"href":"https:\/\/espacetriathlon.com\/fr\/wp-json\/wp\/v2\/product_tag?post=15396"}],"curies":[{"name":"wp","href":"https:\/\/api.w.org\/{rel}","templated":true}]}}