{"id":15421,"date":"2022-10-16T10:48:37","date_gmt":"2022-10-16T10:48:37","guid":{"rendered":"https:\/\/espacetriathlon.com\/?post_type=product&#038;p=15421"},"modified":"2025-09-29T16:31:20","modified_gmt":"2025-09-29T16:31:20","slug":"women-openwater-core-gloves","status":"publish","type":"product","link":"https:\/\/espacetriathlon.com\/fr\/product\/women-openwater-core-gloves\/","title":{"rendered":"Women Openwater Core Gloves"},"content":{"rendered":"<p>Mati\u00e8res : Ils sont confectionn\u00e9s dans un n\u00e9opr\u00e8ne de 2 mm et comportent un tissu int\u00e9rieur tr\u00e8s extensible pour un meilleur ajustement. <\/p>\n<p>Coupe : La marge de longueur dans la coupe permet d\u2019obtenir un chevauchement des gants avec le n\u00e9opr\u00e8ne pour une meilleure isolation.<\/p>\n","protected":false},"excerpt":{"rendered":"<p>Les Core Gloves sont confectionn\u00e9s \u00e0 partir d&#8217;un n\u00e9opr\u00e8ne de 2 mm d&#8217;\u00e9paisseur et pr\u00e9sentent une coupe optimis\u00e9e, cr\u00e9ant un gant hautement flexible et permettant une isolation thermique \u00e9lev\u00e9e afin que vous puissiez nager dans le plus grand confort en eau froide.<\/p>\n","protected":false},"featured_media":49793,"template":"","meta":[],"product_brand":[],"product_cat":[985,270],"product_tag":[],"class_list":{"0":"post-15421","1":"product","2":"type-product","3":"status-publish","4":"has-post-thumbnail","6":"product_cat-apnee","7":"product_cat-openwater-fr","8":"pa_brand-orca","9":"pa_size-xs-fr","10":"pa_size-s-fr","11":"pa_size-m-fr","13":"first","14":"instock","15":"shipping-taxable","16":"purchasable","17":"product-type-variable"},"_links":{"self":[{"href":"https:\/\/espacetriathlon.com\/fr\/wp-json\/wp\/v2\/product\/15421","targetHints":{"allow":["GET"]}}],"collection":[{"href":"https:\/\/espacetriathlon.com\/fr\/wp-json\/wp\/v2\/product"}],"about":[{"href":"https:\/\/espacetriathlon.com\/fr\/wp-json\/wp\/v2\/types\/product"}],"version-history":[{"count":3,"href":"https:\/\/espacetriathlon.com\/fr\/wp-json\/wp\/v2\/product\/15421\/revisions"}],"predecessor-version":[{"id":35823,"href":"https:\/\/espacetriathlon.com\/fr\/wp-json\/wp\/v2\/product\/15421\/revisions\/35823"}],"wp:featuredmedia":[{"embeddable":true,"href":"https:\/\/espacetriathlon.com\/fr\/wp-json\/wp\/v2\/media\/49793"}],"wp:attachment":[{"href":"https:\/\/espacetriathlon.com\/fr\/wp-json\/wp\/v2\/media?parent=15421"}],"wp:term":[{"taxonomy":"product_brand","embeddable":true,"href":"https:\/\/espacetriathlon.com\/fr\/wp-json\/wp\/v2\/product_brand?post=15421"},{"taxonomy":"product_cat","embeddable":true,"href":"https:\/\/espacetriathlon.com\/fr\/wp-json\/wp\/v2\/product_cat?post=15421"},{"taxonomy":"product_tag","embeddable":true,"href":"https:\/\/espacetriathlon.com\/fr\/wp-json\/wp\/v2\/product_tag?post=15421"}],"curies":[{"name":"wp","href":"https:\/\/api.w.org\/{rel}","templated":true}]}}