{"id":16429,"date":"2022-12-22T15:26:48","date_gmt":"2022-12-22T15:26:48","guid":{"rendered":"https:\/\/espacetriathlon.com\/?post_type=product&#038;p=16429"},"modified":"2025-09-29T16:31:20","modified_gmt":"2025-09-29T16:31:20","slug":"swim-socks-copy","status":"publish","type":"product","link":"https:\/\/espacetriathlon.com\/fr\/product\/swim-socks-copy\/","title":{"rendered":"Swim Socks"},"content":{"rendered":"<p>Chaleur<br \/>\nAvec une construction en n\u00e9opr\u00e8ne de 2.5\u00a0mm, cet accessoire offre une isolation consid\u00e9rable contre le froid.<\/p>\n<p>Confort<br \/>\nLa doublure de qualit\u00e9 conf\u00e8re un grand confort lors de la nage.<\/p>\n<p>Size Shoe size<\/p>\n<p>Europe UK USA<br \/>\nXXS 37 4.5 5<br \/>\nXS 38 5.5 6<br \/>\nS 40 6.5 7<br \/>\nM 41 7.5 8<br \/>\nL 42.5 8.5 9<br \/>\nXL 44 9.5 10<br \/>\nXXL 45 10.5 11<\/p>\n<p>XXXL 46 11.5 12<\/p>\n","protected":false},"excerpt":{"rendered":"<p>Cet accessoire vous aidera \u00e0 prot\u00e9ger vos pieds du froid pour affronter les temp\u00e9ratures aquatiques les plus basses.<\/p>\n<p>Pour choisir la taille qui vous convient, utilisez les indications figurant dans la description d\u00e9taill\u00e9e du produit<\/p>\n","protected":false},"featured_media":49784,"template":"","meta":[],"product_brand":[],"product_cat":[985,270],"product_tag":[],"class_list":{"0":"post-16429","1":"product","2":"type-product","3":"status-publish","4":"has-post-thumbnail","6":"product_cat-apnee","7":"product_cat-openwater-fr","8":"pa_brand-orca","9":"pa_socks-3xl-eu47","10":"pa_socks-4xl-eu47","11":"pa_socks-l-eu42-5","12":"pa_socks-m-eu41","13":"pa_socks-s-eu40","14":"pa_socks-xl-eu44","15":"pa_socks-xs-eu38","16":"pa_socks-xxl-eu46","17":"pa_socks-xxs-eu37","19":"first","20":"instock","21":"shipping-taxable","22":"purchasable","23":"product-type-variable"},"_links":{"self":[{"href":"https:\/\/espacetriathlon.com\/fr\/wp-json\/wp\/v2\/product\/16429","targetHints":{"allow":["GET"]}}],"collection":[{"href":"https:\/\/espacetriathlon.com\/fr\/wp-json\/wp\/v2\/product"}],"about":[{"href":"https:\/\/espacetriathlon.com\/fr\/wp-json\/wp\/v2\/types\/product"}],"version-history":[{"count":4,"href":"https:\/\/espacetriathlon.com\/fr\/wp-json\/wp\/v2\/product\/16429\/revisions"}],"predecessor-version":[{"id":36996,"href":"https:\/\/espacetriathlon.com\/fr\/wp-json\/wp\/v2\/product\/16429\/revisions\/36996"}],"wp:featuredmedia":[{"embeddable":true,"href":"https:\/\/espacetriathlon.com\/fr\/wp-json\/wp\/v2\/media\/49784"}],"wp:attachment":[{"href":"https:\/\/espacetriathlon.com\/fr\/wp-json\/wp\/v2\/media?parent=16429"}],"wp:term":[{"taxonomy":"product_brand","embeddable":true,"href":"https:\/\/espacetriathlon.com\/fr\/wp-json\/wp\/v2\/product_brand?post=16429"},{"taxonomy":"product_cat","embeddable":true,"href":"https:\/\/espacetriathlon.com\/fr\/wp-json\/wp\/v2\/product_cat?post=16429"},{"taxonomy":"product_tag","embeddable":true,"href":"https:\/\/espacetriathlon.com\/fr\/wp-json\/wp\/v2\/product_tag?post=16429"}],"curies":[{"name":"wp","href":"https:\/\/api.w.org\/{rel}","templated":true}]}}