{"id":16746,"date":"2023-01-11T15:12:49","date_gmt":"2023-01-11T15:12:49","guid":{"rendered":"https:\/\/espacetriathlon.com\/product\/fc25-hydratation-system\/"},"modified":"2024-07-15T11:37:40","modified_gmt":"2024-07-15T11:37:40","slug":"fc25-hydratation-system","status":"publish","type":"product","link":"https:\/\/espacetriathlon.com\/fr\/product\/fc25-hydratation-system\/","title":{"rendered":"FC25 Hydratation System"},"content":{"rendered":"<p>D\u00e9tails:<br \/>\n\u2022 syst\u00e8me d&#8217;hydratation svelte en forme a\u00e9rodynamique de goutte<br \/>\n\u2022 support Aerodrink avec fixations vissables et bandes de silicone pour fixer le bidon dans le porte-bidon<br \/>\n\u2022 orifice de remplissage No-Splash facilitant le remplissage m\u00eame en conduite, sans devoir ouvrir le couvercle<br \/>\n\u2022 clip de fixation du tuyau buccal permettant de le rabattre en cas de non-utilisation pour prot\u00e9ger les yeux<br \/>\n\u2022 t\u00e9tine autoverrouillante pour personnaliser l&#8217;hydratation \u00e0 votre guise<br \/>\n\u2022 tuyau flexible \u00e0 positionner sur la droite ou la gauche du bidon (avec fixation \u00e0 l&#8217;avant et \u00e0 l&#8217;arri\u00e8re du bidon)<br \/>\n\u2022 arri\u00e8re form\u00e9 a\u00e9rodynamiquement pour r\u00e9duire la r\u00e9sistance \u00e0 l&#8217;air<br \/>\n\u2022 bo\u00eete de rangement a\u00e9rodynamique comprime le contenu<br \/>\n\u2022 fixation de compteur bien visible \u00e0 l&#8217;avant du syst\u00e8me (aussi utilisable sans support)<br \/>\n\u2022 support pour prolongateurs en 57 &#8211; 162 mm de largeur (centre-centre du tube)<br \/>\n\u2022 compatible avec adaptateur pour syst\u00e8mes d&#8217;hydratation Aerodrink et Aqualite (art. 594081)<br \/>\n\u2022 avec le support Base Bar Bracket disponible en option (art. 2100067), \u00e0 monter sur le cintre de base, n&#8217;importe la largeur du prolongateur<br \/>\n\u2022 bidon HDPE exempt de BPA, \u00e0 usage alimentaire<br \/>\n\u2022 volume: env. 7439 ml<br \/>\n\u2022 poids: env. 304 g<\/p>\n<p>contenu: syst\u00e8me d&#8217;hydratation Profile FC25 incl. support, bandes velcro et tuyau buccal<\/p>\n","protected":false},"excerpt":{"rendered":"<p>Le rafra\u00eechissement n\u00e9cessaire en v\u00e9lo. Puisque l&#8217;apport suffisant en boissons est d&#8217;une grande importance en entra\u00eenement et en comp\u00e9tition, le syst\u00e8me d&#8217;hydratation Profile FC25 est une option adapt\u00e9e \u00e0 vos besoins de vous hydrater, sans m\u00eame changer de position sur le v\u00e9lo. Continuez simplement votre course ou votre entra\u00eenement car le syst\u00e8me d&#8217;hydratation exempt de BPA est dot\u00e9 d&#8217;une t\u00e9tine qui se verrouille automatiquement afin que vous n&#8217;ayez pas \u00e0 l\u00e2cher le guidon.<\/p>\n<p>En plus de l&#8217;impulsion \u00e9nerg\u00e9tique qui est facile d&#8217;acc\u00e8s, le syst\u00e8me d&#8217;hydratation FC25 de Profile Design int\u00e8gre \u00e0 l&#8217;avant une fixation sur laquelle on installe un compteur. Des gels et une chambre \u00e0 air peuvent \u00eatre rang\u00e9s dans la bo\u00eete de rangement int\u00e9gr\u00e9e. En plus, le syst\u00e8me d&#8217;hydratation d&#8217;env. 739 ml de volume vous permet de passer devant les stations de ravitaillement lors de courses fatigantes, comme si de rien n&#8217;\u00e9tait.<\/p>\n","protected":false},"featured_media":50186,"template":"","meta":[],"product_brand":[],"product_cat":[1711,318],"product_tag":[],"class_list":{"0":"post-16746","1":"product","2":"type-product","3":"status-publish","4":"has-post-thumbnail","6":"product_cat-accessories-tri-3","7":"product_cat-velo","8":"pa_brand-profile-design","10":"first","11":"outofstock","12":"sale","13":"shipping-taxable","14":"purchasable","15":"product-type-simple"},"_links":{"self":[{"href":"https:\/\/espacetriathlon.com\/fr\/wp-json\/wp\/v2\/product\/16746","targetHints":{"allow":["GET"]}}],"collection":[{"href":"https:\/\/espacetriathlon.com\/fr\/wp-json\/wp\/v2\/product"}],"about":[{"href":"https:\/\/espacetriathlon.com\/fr\/wp-json\/wp\/v2\/types\/product"}],"version-history":[{"count":3,"href":"https:\/\/espacetriathlon.com\/fr\/wp-json\/wp\/v2\/product\/16746\/revisions"}],"predecessor-version":[{"id":36965,"href":"https:\/\/espacetriathlon.com\/fr\/wp-json\/wp\/v2\/product\/16746\/revisions\/36965"}],"wp:featuredmedia":[{"embeddable":true,"href":"https:\/\/espacetriathlon.com\/fr\/wp-json\/wp\/v2\/media\/50186"}],"wp:attachment":[{"href":"https:\/\/espacetriathlon.com\/fr\/wp-json\/wp\/v2\/media?parent=16746"}],"wp:term":[{"taxonomy":"product_brand","embeddable":true,"href":"https:\/\/espacetriathlon.com\/fr\/wp-json\/wp\/v2\/product_brand?post=16746"},{"taxonomy":"product_cat","embeddable":true,"href":"https:\/\/espacetriathlon.com\/fr\/wp-json\/wp\/v2\/product_cat?post=16746"},{"taxonomy":"product_tag","embeddable":true,"href":"https:\/\/espacetriathlon.com\/fr\/wp-json\/wp\/v2\/product_tag?post=16746"}],"curies":[{"name":"wp","href":"https:\/\/api.w.org\/{rel}","templated":true}]}}