{"id":16835,"date":"2023-01-19T09:35:40","date_gmt":"2023-01-19T09:35:40","guid":{"rendered":"https:\/\/espacetriathlon.com\/product\/rom-strap\/"},"modified":"2025-05-19T17:29:28","modified_gmt":"2025-05-19T17:29:28","slug":"rom-strap","status":"publish","type":"product","link":"https:\/\/espacetriathlon.com\/fr\/product\/rom-strap\/","title":{"rendered":"Rom strap"},"content":{"rendered":"<p><span style=\"vertical-align: inherit;\"><span style=\"vertical-align: inherit;\">Black<\/span><\/span><\/p>\n","protected":false},"excerpt":{"rendered":"<p>La sangle ROM Strap permet d&#8217;\u00e9tirer en toute s\u00e9curit\u00e9 les muscles du drap qui vont de l&#8217;omoplate au torse. L&#8217;am\u00e9lioration de l&#8217;a\u00e9rodynamisme et du roulis du corps, combin\u00e9e \u00e0 une augmentation de la puissance, sont les avantages d&#8217;une meilleure amplitude de mouvement.<\/p>\n","protected":false},"featured_media":50174,"template":"","meta":[],"product_brand":[],"product_cat":[2195,291],"product_tag":[],"class_list":{"0":"post-16835","1":"product","2":"type-product","3":"status-publish","4":"has-post-thumbnail","6":"product_cat-liquidations","7":"product_cat-aide-dentrainement","8":"product_shipping_class-petitarticle-fr","9":"pa_brand-finis","11":"first","12":"instock","13":"sale","14":"shipping-taxable","15":"purchasable","16":"product-type-simple"},"_links":{"self":[{"href":"https:\/\/espacetriathlon.com\/fr\/wp-json\/wp\/v2\/product\/16835","targetHints":{"allow":["GET"]}}],"collection":[{"href":"https:\/\/espacetriathlon.com\/fr\/wp-json\/wp\/v2\/product"}],"about":[{"href":"https:\/\/espacetriathlon.com\/fr\/wp-json\/wp\/v2\/types\/product"}],"version-history":[{"count":5,"href":"https:\/\/espacetriathlon.com\/fr\/wp-json\/wp\/v2\/product\/16835\/revisions"}],"predecessor-version":[{"id":38927,"href":"https:\/\/espacetriathlon.com\/fr\/wp-json\/wp\/v2\/product\/16835\/revisions\/38927"}],"wp:featuredmedia":[{"embeddable":true,"href":"https:\/\/espacetriathlon.com\/fr\/wp-json\/wp\/v2\/media\/50174"}],"wp:attachment":[{"href":"https:\/\/espacetriathlon.com\/fr\/wp-json\/wp\/v2\/media?parent=16835"}],"wp:term":[{"taxonomy":"product_brand","embeddable":true,"href":"https:\/\/espacetriathlon.com\/fr\/wp-json\/wp\/v2\/product_brand?post=16835"},{"taxonomy":"product_cat","embeddable":true,"href":"https:\/\/espacetriathlon.com\/fr\/wp-json\/wp\/v2\/product_cat?post=16835"},{"taxonomy":"product_tag","embeddable":true,"href":"https:\/\/espacetriathlon.com\/fr\/wp-json\/wp\/v2\/product_tag?post=16835"}],"curies":[{"name":"wp","href":"https:\/\/api.w.org\/{rel}","templated":true}]}}