{"id":1695,"date":"2020-11-08T16:28:35","date_gmt":"2020-11-08T16:28:35","guid":{"rendered":"https:\/\/espacetriathlon.com\/product\/goggle-mask\/"},"modified":"2025-05-27T06:16:02","modified_gmt":"2025-05-27T06:16:02","slug":"goggle-mask","status":"publish","type":"product","link":"https:\/\/espacetriathlon.com\/fr\/product\/goggle-mask\/","title":{"rendered":"Goggle Mask"},"content":{"rendered":"<p>Le nouveau google mask d&#8217;Orca est une alternative pratique aux lunettes de natation classiques. Ce masque l\u00e9ger et r\u00e9sistant dispose de verres plus grands pour vous offrir un champ de vision plus large. Son design \u00e9pouse parfaitement la forme du visage et du nez, ce qui \u00e9vite tous types de blessures caus\u00e9es par les coups pendant les courses de triathlon. De plus, la jupe en silicone, tr\u00e8s pratique, \u00e9vite les marques autour des yeux. Vision panoramique et confort optimal.<\/p>\n","protected":false},"excerpt":{"rendered":"<p>Orca<\/p>\n<p>Le nouveau google mask d&#8217;Orca est une alternative pratique aux lunettes de natation classiques. Ce masque l\u00e9ger et r\u00e9sistant dispose de verres plus grands pour vous offrir un champ de vision plus large. Son design \u00e9pouse parfaitement la forme du visage et du nez, ce qui \u00e9vite tous types de blessures caus\u00e9es par les coups pendant les courses de triathlon. De plus, la jupe en silicone, tr\u00e8s pratique, \u00e9vite les marques autour des yeux. Vision panoramique et confort optimal.<\/p>\n","protected":false},"featured_media":49243,"template":"","meta":[],"product_brand":[],"product_cat":[282],"product_tag":[],"class_list":{"0":"post-1695","1":"product","2":"type-product","3":"status-publish","4":"has-post-thumbnail","6":"product_cat-lunettes","7":"pa_brand-orca","9":"first","10":"instock","11":"shipping-taxable","12":"purchasable","13":"product-type-simple"},"_links":{"self":[{"href":"https:\/\/espacetriathlon.com\/fr\/wp-json\/wp\/v2\/product\/1695","targetHints":{"allow":["GET"]}}],"collection":[{"href":"https:\/\/espacetriathlon.com\/fr\/wp-json\/wp\/v2\/product"}],"about":[{"href":"https:\/\/espacetriathlon.com\/fr\/wp-json\/wp\/v2\/types\/product"}],"version-history":[{"count":3,"href":"https:\/\/espacetriathlon.com\/fr\/wp-json\/wp\/v2\/product\/1695\/revisions"}],"predecessor-version":[{"id":36945,"href":"https:\/\/espacetriathlon.com\/fr\/wp-json\/wp\/v2\/product\/1695\/revisions\/36945"}],"wp:featuredmedia":[{"embeddable":true,"href":"https:\/\/espacetriathlon.com\/fr\/wp-json\/wp\/v2\/media\/49243"}],"wp:attachment":[{"href":"https:\/\/espacetriathlon.com\/fr\/wp-json\/wp\/v2\/media?parent=1695"}],"wp:term":[{"taxonomy":"product_brand","embeddable":true,"href":"https:\/\/espacetriathlon.com\/fr\/wp-json\/wp\/v2\/product_brand?post=1695"},{"taxonomy":"product_cat","embeddable":true,"href":"https:\/\/espacetriathlon.com\/fr\/wp-json\/wp\/v2\/product_cat?post=1695"},{"taxonomy":"product_tag","embeddable":true,"href":"https:\/\/espacetriathlon.com\/fr\/wp-json\/wp\/v2\/product_tag?post=1695"}],"curies":[{"name":"wp","href":"https:\/\/api.w.org\/{rel}","templated":true}]}}