{"id":1703,"date":"2020-11-08T16:40:38","date_gmt":"2020-11-08T16:40:38","guid":{"rendered":"https:\/\/espacetriathlon.com\/product\/safety-bag\/"},"modified":"2025-07-09T07:02:23","modified_gmt":"2025-07-09T07:02:23","slug":"safety-bag","status":"publish","type":"product","link":"https:\/\/espacetriathlon.com\/fr\/product\/safety-bag\/","title":{"rendered":"Safety Bag"},"content":{"rendered":"<p>Le Safety Bag de Orca vous rendra visible dans l\u2019eau, en plus de vous apporter un \u00e9l\u00e9ment de flottabilit\u00e9 sur lequel vous appuyer. Gr\u00e2ce \u00e0 son comportement \u00e9tanche, vous pourrez transporter vos objets de valeur au sec et de mani\u00e8re s\u00fbre. Un \u00e9l\u00e9ment de s\u00e9curit\u00e9 pratique et indispensable pour vos entrainements et comp\u00e9titions de swimrun.<\/p>\n","protected":false},"excerpt":{"rendered":"<p>Le Safety Bag de Orca vous rendra visible dans l\u2019eau, en plus de vous apporter un \u00e9l\u00e9ment de flottabilit\u00e9 sur lequel vous appuyer. Gr\u00e2ce \u00e0 son comportement \u00e9tanche, vous pourrez transporter vos objets de valeur au sec et de mani\u00e8re s\u00fbre. Un \u00e9l\u00e9ment de s\u00e9curit\u00e9 pratique et indispensable pour vos entrainements et comp\u00e9titions de swimrun.<\/p>\n","protected":false},"featured_media":1082,"template":"","meta":[],"product_brand":[],"product_cat":[270],"product_tag":[],"class_list":{"0":"post-1703","1":"product","2":"type-product","3":"status-publish","4":"has-post-thumbnail","6":"product_cat-openwater-fr","7":"pa_brand-orca","9":"first","10":"instock","11":"sale","12":"shipping-taxable","13":"purchasable","14":"product-type-simple"},"_links":{"self":[{"href":"https:\/\/espacetriathlon.com\/fr\/wp-json\/wp\/v2\/product\/1703","targetHints":{"allow":["GET"]}}],"collection":[{"href":"https:\/\/espacetriathlon.com\/fr\/wp-json\/wp\/v2\/product"}],"about":[{"href":"https:\/\/espacetriathlon.com\/fr\/wp-json\/wp\/v2\/types\/product"}],"version-history":[{"count":3,"href":"https:\/\/espacetriathlon.com\/fr\/wp-json\/wp\/v2\/product\/1703\/revisions"}],"predecessor-version":[{"id":36953,"href":"https:\/\/espacetriathlon.com\/fr\/wp-json\/wp\/v2\/product\/1703\/revisions\/36953"}],"wp:featuredmedia":[{"embeddable":true,"href":"https:\/\/espacetriathlon.com\/fr\/wp-json\/wp\/v2\/media\/1082"}],"wp:attachment":[{"href":"https:\/\/espacetriathlon.com\/fr\/wp-json\/wp\/v2\/media?parent=1703"}],"wp:term":[{"taxonomy":"product_brand","embeddable":true,"href":"https:\/\/espacetriathlon.com\/fr\/wp-json\/wp\/v2\/product_brand?post=1703"},{"taxonomy":"product_cat","embeddable":true,"href":"https:\/\/espacetriathlon.com\/fr\/wp-json\/wp\/v2\/product_cat?post=1703"},{"taxonomy":"product_tag","embeddable":true,"href":"https:\/\/espacetriathlon.com\/fr\/wp-json\/wp\/v2\/product_tag?post=1703"}],"curies":[{"name":"wp","href":"https:\/\/api.w.org\/{rel}","templated":true}]}}