{"id":1707,"date":"2020-11-08T16:45:35","date_gmt":"2020-11-08T16:45:35","guid":{"rendered":"https:\/\/espacetriathlon.com\/product\/swim-board\/"},"modified":"2025-02-18T13:03:28","modified_gmt":"2025-02-18T13:03:28","slug":"swim-board","status":"publish","type":"product","link":"https:\/\/espacetriathlon.com\/fr\/product\/swim-board\/","title":{"rendered":"Swim Board"},"content":{"rendered":"<p>Un appui pour vous permettre de vous concentrer sur l&#8217;am\u00e9lioration du mouvement de vos jambes et sur le renforcement de la partie inf\u00e9rieure de votre corps. Gr\u00e2ce \u00e0 sa forte flottabilit\u00e9, vous \u00e9levez la partie sup\u00e9rieure de votre torse et la gardez ferme, pour exploiter pleinement le potentiel de vos battements de jambes.<\/p>\n","protected":false},"excerpt":{"rendered":"<p>Un appui pour vous permettre de vous concentrer sur l&#8217;am\u00e9lioration du mouvement de vos jambes et sur le renforcement de la partie inf\u00e9rieure de votre corps. Gr\u00e2ce \u00e0 sa forte flottabilit\u00e9, vous \u00e9levez la partie sup\u00e9rieure de votre torse et la gardez ferme, pour exploiter pleinement le potentiel de vos battements de jambes.<\/p>\n","protected":false},"featured_media":1086,"template":"","meta":[],"product_brand":[],"product_cat":[291],"product_tag":[],"class_list":{"0":"post-1707","1":"product","2":"type-product","3":"status-publish","4":"has-post-thumbnail","6":"product_cat-aide-dentrainement","7":"pa_brand-orca","9":"first","10":"instock","11":"shipping-taxable","12":"purchasable","13":"product-type-simple"},"_links":{"self":[{"href":"https:\/\/espacetriathlon.com\/fr\/wp-json\/wp\/v2\/product\/1707","targetHints":{"allow":["GET"]}}],"collection":[{"href":"https:\/\/espacetriathlon.com\/fr\/wp-json\/wp\/v2\/product"}],"about":[{"href":"https:\/\/espacetriathlon.com\/fr\/wp-json\/wp\/v2\/types\/product"}],"version-history":[{"count":4,"href":"https:\/\/espacetriathlon.com\/fr\/wp-json\/wp\/v2\/product\/1707\/revisions"}],"predecessor-version":[{"id":36968,"href":"https:\/\/espacetriathlon.com\/fr\/wp-json\/wp\/v2\/product\/1707\/revisions\/36968"}],"wp:featuredmedia":[{"embeddable":true,"href":"https:\/\/espacetriathlon.com\/fr\/wp-json\/wp\/v2\/media\/1086"}],"wp:attachment":[{"href":"https:\/\/espacetriathlon.com\/fr\/wp-json\/wp\/v2\/media?parent=1707"}],"wp:term":[{"taxonomy":"product_brand","embeddable":true,"href":"https:\/\/espacetriathlon.com\/fr\/wp-json\/wp\/v2\/product_brand?post=1707"},{"taxonomy":"product_cat","embeddable":true,"href":"https:\/\/espacetriathlon.com\/fr\/wp-json\/wp\/v2\/product_cat?post=1707"},{"taxonomy":"product_tag","embeddable":true,"href":"https:\/\/espacetriathlon.com\/fr\/wp-json\/wp\/v2\/product_tag?post=1707"}],"curies":[{"name":"wp","href":"https:\/\/api.w.org\/{rel}","templated":true}]}}