{"id":1716,"date":"2020-11-08T17:05:31","date_gmt":"2020-11-08T17:05:31","guid":{"rendered":"https:\/\/espacetriathlon.com\/product\/transition-bag\/"},"modified":"2025-09-15T16:18:11","modified_gmt":"2025-09-15T16:18:11","slug":"transition-bag","status":"publish","type":"product","link":"https:\/\/espacetriathlon.com\/fr\/product\/transition-bag\/","title":{"rendered":"Transition Bag"},"content":{"rendered":"<p>Notre sac de transition est le meilleur de sa cat\u00e9gorie, avec une poche pour y mettre tout ce dont vous avez besoin et facilement accessible. Id\u00e9al pour voyager \u00e0 l&#8217;\u00e9tranger pour participer \u00e0 une course, avec une pochette de protection pour le casque, des compartiments \u00e9tanches et pour les affaires mouill\u00e9es, un logement extensible pour les chaussures et des poches \u00e0 doublure sp\u00e9ciale pour prot\u00e9ger vos appareils \u00e9lectroniques, il couvrira tous vos besoins Avec des poches aussi nombreuses et un int\u00e9rieur de couleur verte tr\u00e8s contrast\u00e9, vous trouverez facilement tout ce dont vous avez besoin. Avec une contenance de 70\u00a0l, des bretelles \u00e9paisses et rembourr\u00e9es que l&#8217;on peut joindre en une seule, ce sac de transition est votre compagnon de voyage id\u00e9al.<\/p>\n","protected":false},"excerpt":{"rendered":"<p>Notre sac de transition est le meilleur de sa cat\u00e9gorie, avec une poche pour y mettre tout ce dont vous avez besoin et facilement accessible. Id\u00e9al pour voyager \u00e0 l&#8217;\u00e9tranger pour participer \u00e0 une course, avec une pochette de protection pour le casque, des compartiments \u00e9tanches et pour les affaires mouill\u00e9es, un logement extensible pour les chaussures et des poches \u00e0 doublure sp\u00e9ciale pour prot\u00e9ger vos appareils \u00e9lectroniques, il couvrira tous vos besoins Avec des poches aussi nombreuses et un int\u00e9rieur de couleur verte tr\u00e8s contrast\u00e9, vous trouverez facilement tout ce dont vous avez besoin. Avec une contenance de 70\u00a0l, des bretelles \u00e9paisses et rembourr\u00e9es que l&#8217;on peut joindre en une seule, ce sac de transition est votre compagnon de voyage id\u00e9al.<\/p>\n","protected":false},"featured_media":1050,"template":"","meta":[],"product_brand":[],"product_cat":[325],"product_tag":[],"class_list":{"0":"post-1716","1":"product","2":"type-product","3":"status-publish","4":"has-post-thumbnail","6":"product_cat-sacs-sportifs","7":"pa_brand-orca","9":"first","10":"instock","11":"sale","12":"shipping-taxable","13":"purchasable","14":"product-type-simple"},"_links":{"self":[{"href":"https:\/\/espacetriathlon.com\/fr\/wp-json\/wp\/v2\/product\/1716","targetHints":{"allow":["GET"]}}],"collection":[{"href":"https:\/\/espacetriathlon.com\/fr\/wp-json\/wp\/v2\/product"}],"about":[{"href":"https:\/\/espacetriathlon.com\/fr\/wp-json\/wp\/v2\/types\/product"}],"version-history":[{"count":6,"href":"https:\/\/espacetriathlon.com\/fr\/wp-json\/wp\/v2\/product\/1716\/revisions"}],"predecessor-version":[{"id":55705,"href":"https:\/\/espacetriathlon.com\/fr\/wp-json\/wp\/v2\/product\/1716\/revisions\/55705"}],"wp:featuredmedia":[{"embeddable":true,"href":"https:\/\/espacetriathlon.com\/fr\/wp-json\/wp\/v2\/media\/1050"}],"wp:attachment":[{"href":"https:\/\/espacetriathlon.com\/fr\/wp-json\/wp\/v2\/media?parent=1716"}],"wp:term":[{"taxonomy":"product_brand","embeddable":true,"href":"https:\/\/espacetriathlon.com\/fr\/wp-json\/wp\/v2\/product_brand?post=1716"},{"taxonomy":"product_cat","embeddable":true,"href":"https:\/\/espacetriathlon.com\/fr\/wp-json\/wp\/v2\/product_cat?post=1716"},{"taxonomy":"product_tag","embeddable":true,"href":"https:\/\/espacetriathlon.com\/fr\/wp-json\/wp\/v2\/product_tag?post=1716"}],"curies":[{"name":"wp","href":"https:\/\/api.w.org\/{rel}","templated":true}]}}