{"id":1720,"date":"2020-11-08T17:18:24","date_gmt":"2020-11-08T17:18:24","guid":{"rendered":"https:\/\/espacetriathlon.com\/product\/transition-bagpack\/"},"modified":"2025-02-23T14:12:30","modified_gmt":"2025-02-23T14:12:30","slug":"transition-bagpack","status":"publish","type":"product","link":"https:\/\/espacetriathlon.com\/fr\/product\/transition-bagpack\/","title":{"rendered":"Transition Backpack"},"content":{"rendered":"<p>Si vous recherchez un sac \u00e0 dos capable de porter tout le n\u00e9cessaire pour vos comp\u00e9titions ou entrainements, le transition backpack est fait pour vous. Un sac \u00e0 dos flexible, qui gr\u00e2ce \u00e0 son syst\u00e8me de capacit\u00e9 ajustable s\u2019adapte \u00e0 n\u2019importe quelles circonstances. Gr\u00e2ce \u00e0 une nouvelle base plate, le sac \u00e0 dos tient debout, parfait pour les transitions et pour le vestiaire. Il int\u00e8gre une poche pour le casque et une autre s\u00e9par\u00e9e sur la partie inf\u00e9rieure, id\u00e9ale pour y placer votre combinaison ou vos v\u00eatements mouill\u00e9s. De plus, son design favorise la ventilation au dos pour plus de confort. Le compagnon de courses que vous cherchiez !<\/p>\n","protected":false},"excerpt":{"rendered":"<p>Si vous recherchez un sac \u00e0 dos capable de porter tout le n\u00e9cessaire pour vos comp\u00e9titions ou entrainements, le transition backpack est fait pour vous. Un sac \u00e0 dos flexible, qui gr\u00e2ce \u00e0 son syst\u00e8me de capacit\u00e9 ajustable s\u2019adapte \u00e0 n\u2019importe quelles circonstances. Gr\u00e2ce \u00e0 une nouvelle base plate, le sac \u00e0 dos tient debout, parfait pour les transitions et pour le vestiaire. Il int\u00e8gre une poche pour le casque et une autre s\u00e9par\u00e9e sur la partie inf\u00e9rieure, id\u00e9ale pour y placer votre combinaison ou vos v\u00eatements mouill\u00e9s. De plus, son design favorise la ventilation au dos pour plus de confort. Le compagnon de courses que vous cherchiez !<\/p>\n","protected":false},"featured_media":1058,"template":"","meta":[],"product_brand":[],"product_cat":[325],"product_tag":[],"class_list":{"0":"post-1720","1":"product","2":"type-product","3":"status-publish","4":"has-post-thumbnail","6":"product_cat-sacs-sportifs","7":"pa_brand-orca","9":"first","10":"instock","11":"sale","12":"shipping-taxable","13":"purchasable","14":"product-type-simple"},"_links":{"self":[{"href":"https:\/\/espacetriathlon.com\/fr\/wp-json\/wp\/v2\/product\/1720","targetHints":{"allow":["GET"]}}],"collection":[{"href":"https:\/\/espacetriathlon.com\/fr\/wp-json\/wp\/v2\/product"}],"about":[{"href":"https:\/\/espacetriathlon.com\/fr\/wp-json\/wp\/v2\/types\/product"}],"version-history":[{"count":4,"href":"https:\/\/espacetriathlon.com\/fr\/wp-json\/wp\/v2\/product\/1720\/revisions"}],"predecessor-version":[{"id":45924,"href":"https:\/\/espacetriathlon.com\/fr\/wp-json\/wp\/v2\/product\/1720\/revisions\/45924"}],"wp:featuredmedia":[{"embeddable":true,"href":"https:\/\/espacetriathlon.com\/fr\/wp-json\/wp\/v2\/media\/1058"}],"wp:attachment":[{"href":"https:\/\/espacetriathlon.com\/fr\/wp-json\/wp\/v2\/media?parent=1720"}],"wp:term":[{"taxonomy":"product_brand","embeddable":true,"href":"https:\/\/espacetriathlon.com\/fr\/wp-json\/wp\/v2\/product_brand?post=1720"},{"taxonomy":"product_cat","embeddable":true,"href":"https:\/\/espacetriathlon.com\/fr\/wp-json\/wp\/v2\/product_cat?post=1720"},{"taxonomy":"product_tag","embeddable":true,"href":"https:\/\/espacetriathlon.com\/fr\/wp-json\/wp\/v2\/product_tag?post=1720"}],"curies":[{"name":"wp","href":"https:\/\/api.w.org\/{rel}","templated":true}]}}