{"id":1740,"date":"2020-11-09T09:12:30","date_gmt":"2020-11-09T09:12:30","guid":{"rendered":"https:\/\/espacetriathlon.com\/product\/forearm-fulcrums\/"},"modified":"2025-06-17T08:17:09","modified_gmt":"2025-06-17T08:17:09","slug":"forearm-fulcrums","status":"publish","type":"product","link":"https:\/\/espacetriathlon.com\/fr\/product\/forearm-fulcrums\/","title":{"rendered":"Forearm Fulcrum Paddle"},"content":{"rendered":"<p>Le forearm fuclrum d\u00e9veloppe une position verticale pr\u00e9coce de l\u2019avant-bras (EVF) et augmente l\u2019efficacit\u00e9 de la course. Une position EVF utilise l\u2019ensemble de l\u2019avant-bras pendant la traction, du bout des doigts au coude. Les points d\u2019appui de l\u2019avant-bras favorisent l\u2019affinement des mouvements gr\u00e2ce \u00e0 la m\u00e9moire musculaire de la position correcte de la main, du poignet et de l\u2019avant-bras. Les points d\u2019appui de l\u2019avant-bras am\u00e9liorent l\u2019efficacit\u00e9 et maintiennent une traction forte et ininterrompue du d\u00e9but \u00e0 la fin de la course. Le forearm fulcrum est un outil polyvalent pour les quatre nages.<\/p>\n","protected":false},"excerpt":{"rendered":"<p>Le forearm fuclrum d\u00e9veloppe une position verticale pr\u00e9coce de l\u2019avant-bras (EVF) et augmente l\u2019efficacit\u00e9 de la course. Une position EVF utilise l\u2019ensemble de l\u2019avant-bras pendant la traction, du bout des doigts au coude. Les points d\u2019appui de l\u2019avant-bras favorisent l\u2019affinement des mouvements gr\u00e2ce \u00e0 la m\u00e9moire musculaire de la position correcte de la main, du poignet et de l\u2019avant-bras. Les points d\u2019appui de l\u2019avant-bras am\u00e9liorent l\u2019efficacit\u00e9 et maintiennent une traction forte et ininterrompue du d\u00e9but \u00e0 la fin de la course. Le forearm fulcrum est un outil polyvalent pour les quatre nages.<\/p>\n","protected":false},"featured_media":49247,"template":"","meta":[],"product_brand":[],"product_cat":[285],"product_tag":[],"class_list":{"0":"post-1740","1":"product","2":"type-product","3":"status-publish","4":"has-post-thumbnail","6":"product_cat-paddles-fr","7":"pa_brand-finis","9":"first","10":"instock","11":"shipping-taxable","12":"purchasable","13":"product-type-simple"},"_links":{"self":[{"href":"https:\/\/espacetriathlon.com\/fr\/wp-json\/wp\/v2\/product\/1740","targetHints":{"allow":["GET"]}}],"collection":[{"href":"https:\/\/espacetriathlon.com\/fr\/wp-json\/wp\/v2\/product"}],"about":[{"href":"https:\/\/espacetriathlon.com\/fr\/wp-json\/wp\/v2\/types\/product"}],"version-history":[{"count":4,"href":"https:\/\/espacetriathlon.com\/fr\/wp-json\/wp\/v2\/product\/1740\/revisions"}],"predecessor-version":[{"id":45401,"href":"https:\/\/espacetriathlon.com\/fr\/wp-json\/wp\/v2\/product\/1740\/revisions\/45401"}],"wp:featuredmedia":[{"embeddable":true,"href":"https:\/\/espacetriathlon.com\/fr\/wp-json\/wp\/v2\/media\/49247"}],"wp:attachment":[{"href":"https:\/\/espacetriathlon.com\/fr\/wp-json\/wp\/v2\/media?parent=1740"}],"wp:term":[{"taxonomy":"product_brand","embeddable":true,"href":"https:\/\/espacetriathlon.com\/fr\/wp-json\/wp\/v2\/product_brand?post=1740"},{"taxonomy":"product_cat","embeddable":true,"href":"https:\/\/espacetriathlon.com\/fr\/wp-json\/wp\/v2\/product_cat?post=1740"},{"taxonomy":"product_tag","embeddable":true,"href":"https:\/\/espacetriathlon.com\/fr\/wp-json\/wp\/v2\/product_tag?post=1740"}],"curies":[{"name":"wp","href":"https:\/\/api.w.org\/{rel}","templated":true}]}}