{"id":1747,"date":"2020-11-09T09:17:12","date_gmt":"2020-11-09T09:17:12","guid":{"rendered":"https:\/\/espacetriathlon.com\/product\/free-style-snorkel\/"},"modified":"2024-07-15T10:15:12","modified_gmt":"2024-07-15T10:15:12","slug":"free-style-snorkel","status":"publish","type":"product","link":"https:\/\/espacetriathlon.com\/fr\/product\/free-style-snorkel\/","title":{"rendered":"Free Style Snorkel"},"content":{"rendered":"<p>Le Freestyle Snorkel permet aux nageurs de se concentrer sur la technique de nage libre sans avoir \u00e0 tourner la t\u00eate pour respirer. La conception incurv\u00e9e favorise une bonne position de la t\u00eate et un bon alignement du corps afin de maximiser l\u2019efficacit\u00e9 des mouvements. Gr\u00e2ce \u00e0 sa stabilit\u00e9 renforc\u00e9e, le Freestyle Snorkel permet une gamme compl\u00e8te de mouvements \u00e0 toutes les vitesses, y compris les virages \u00e0 180\u00b0.<\/p>\n","protected":false},"excerpt":{"rendered":"<p>Le Freestyle Snorkel permet aux nageurs de se concentrer sur la technique de nage libre sans avoir \u00e0 tourner la t\u00eate pour respirer. La conception incurv\u00e9e favorise une bonne position de la t\u00eate et un bon alignement du corps afin de maximiser l\u2019efficacit\u00e9 des mouvements. Gr\u00e2ce \u00e0 sa stabilit\u00e9 renforc\u00e9e, le Freestyle Snorkel permet une gamme compl\u00e8te de mouvements \u00e0 toutes les vitesses, y compris les virages \u00e0 180\u00b0.<\/p>\n","protected":false},"featured_media":49251,"template":"","meta":[],"product_brand":[],"product_cat":[288],"product_tag":[],"class_list":{"0":"post-1747","1":"product","2":"type-product","3":"status-publish","4":"has-post-thumbnail","6":"product_cat-snorkels-fr","7":"pa_brand-finis","9":"first","10":"instock","11":"sale","12":"shipping-taxable","13":"purchasable","14":"product-type-simple"},"_links":{"self":[{"href":"https:\/\/espacetriathlon.com\/fr\/wp-json\/wp\/v2\/product\/1747","targetHints":{"allow":["GET"]}}],"collection":[{"href":"https:\/\/espacetriathlon.com\/fr\/wp-json\/wp\/v2\/product"}],"about":[{"href":"https:\/\/espacetriathlon.com\/fr\/wp-json\/wp\/v2\/types\/product"}],"version-history":[{"count":3,"href":"https:\/\/espacetriathlon.com\/fr\/wp-json\/wp\/v2\/product\/1747\/revisions"}],"predecessor-version":[{"id":36861,"href":"https:\/\/espacetriathlon.com\/fr\/wp-json\/wp\/v2\/product\/1747\/revisions\/36861"}],"wp:featuredmedia":[{"embeddable":true,"href":"https:\/\/espacetriathlon.com\/fr\/wp-json\/wp\/v2\/media\/49251"}],"wp:attachment":[{"href":"https:\/\/espacetriathlon.com\/fr\/wp-json\/wp\/v2\/media?parent=1747"}],"wp:term":[{"taxonomy":"product_brand","embeddable":true,"href":"https:\/\/espacetriathlon.com\/fr\/wp-json\/wp\/v2\/product_brand?post=1747"},{"taxonomy":"product_cat","embeddable":true,"href":"https:\/\/espacetriathlon.com\/fr\/wp-json\/wp\/v2\/product_cat?post=1747"},{"taxonomy":"product_tag","embeddable":true,"href":"https:\/\/espacetriathlon.com\/fr\/wp-json\/wp\/v2\/product_tag?post=1747"}],"curies":[{"name":"wp","href":"https:\/\/api.w.org\/{rel}","templated":true}]}}