{"id":1756,"date":"2020-11-09T09:23:08","date_gmt":"2020-11-09T09:23:08","guid":{"rendered":"https:\/\/espacetriathlon.com\/product\/instinct-paddle\/"},"modified":"2024-07-15T10:11:28","modified_gmt":"2024-07-15T10:11:28","slug":"instinct-paddle","status":"publish","type":"product","link":"https:\/\/espacetriathlon.com\/fr\/product\/instinct-paddle\/","title":{"rendered":"Instinct Paddle"},"content":{"rendered":"<p>La conception sans sangle des paddle permet d\u2019aiguiser la conscience du coup pour am\u00e9liorer la technique. La conception ergonomique avanc\u00e9e des paddle Instinct Skulling aide les nageurs \u00e0 apprendre la position positive correcte de la paume de la main pendant qu\u2019ils nagent. La conception convexe des pales du cr\u00e2ne instinctif favorise une prise pr\u00e9coce et une position verticale pr\u00e9coce de l\u2019avant-bras pendant la godille. Les Instinct Sculling Paddles sont un outil polyvalent pour les quatre mouvements de nage et sont disponibles en deux tailles : Medium &amp; Large.<\/p>\n","protected":false},"excerpt":{"rendered":"<p>La conception sans sangle des paddle permet d\u2019aiguiser la conscience du coup pour am\u00e9liorer la technique. La conception ergonomique avanc\u00e9e des paddle Instinct Skulling aide les nageurs \u00e0 apprendre la position positive correcte de la paume de la main pendant qu\u2019ils nagent. La conception convexe des pales du cr\u00e2ne instinctif favorise une prise pr\u00e9coce et une position verticale pr\u00e9coce de l\u2019avant-bras pendant la godille. Les Instinct Sculling Paddles sont un outil polyvalent pour les quatre mouvements de nage et sont disponibles en deux tailles : Medium &amp; Large.<\/p>\n","protected":false},"featured_media":49255,"template":"","meta":[],"product_brand":[],"product_cat":[285],"product_tag":[],"class_list":{"0":"post-1756","1":"product","2":"type-product","3":"status-publish","4":"has-post-thumbnail","6":"product_cat-paddles-fr","7":"pa_brand-finis","8":"pa_size-m-fr","9":"pa_size-l-fr","11":"first","12":"instock","13":"shipping-taxable","14":"purchasable","15":"product-type-variable"},"_links":{"self":[{"href":"https:\/\/espacetriathlon.com\/fr\/wp-json\/wp\/v2\/product\/1756","targetHints":{"allow":["GET"]}}],"collection":[{"href":"https:\/\/espacetriathlon.com\/fr\/wp-json\/wp\/v2\/product"}],"about":[{"href":"https:\/\/espacetriathlon.com\/fr\/wp-json\/wp\/v2\/types\/product"}],"version-history":[{"count":3,"href":"https:\/\/espacetriathlon.com\/fr\/wp-json\/wp\/v2\/product\/1756\/revisions"}],"predecessor-version":[{"id":36853,"href":"https:\/\/espacetriathlon.com\/fr\/wp-json\/wp\/v2\/product\/1756\/revisions\/36853"}],"wp:featuredmedia":[{"embeddable":true,"href":"https:\/\/espacetriathlon.com\/fr\/wp-json\/wp\/v2\/media\/49255"}],"wp:attachment":[{"href":"https:\/\/espacetriathlon.com\/fr\/wp-json\/wp\/v2\/media?parent=1756"}],"wp:term":[{"taxonomy":"product_brand","embeddable":true,"href":"https:\/\/espacetriathlon.com\/fr\/wp-json\/wp\/v2\/product_brand?post=1756"},{"taxonomy":"product_cat","embeddable":true,"href":"https:\/\/espacetriathlon.com\/fr\/wp-json\/wp\/v2\/product_cat?post=1756"},{"taxonomy":"product_tag","embeddable":true,"href":"https:\/\/espacetriathlon.com\/fr\/wp-json\/wp\/v2\/product_tag?post=1756"}],"curies":[{"name":"wp","href":"https:\/\/api.w.org\/{rel}","templated":true}]}}