{"id":17662,"date":"2023-02-28T16:23:13","date_gmt":"2023-02-28T16:23:13","guid":{"rendered":"https:\/\/espacetriathlon.com\/?post_type=product&#038;p=17662"},"modified":"2025-04-14T08:26:13","modified_gmt":"2025-04-14T08:26:13","slug":"predator-flex-reactor","status":"publish","type":"product","link":"https:\/\/espacetriathlon.com\/fr\/product\/predator-flex-reactor\/","title":{"rendered":"Predator Flex reactor"},"content":{"rendered":"<ul>\n<li>Photo-chromatic light changing lenses, ideal for both outdoor and indoor swimming<\/li>\n<li>Titanium lenses reduce glare and eye fatigue<\/li>\n<li>Reactive lenses are ideal for long open water swims and indoor swimming conditions<\/li>\n<li>Unique 4 Flexpoint Technology\u2122 for enhanced frame flexibility<\/li>\n<li>CLT\u2122 \u2013 Curved Lens Technology offers 180 degree peripheral vision<\/li>\n<li>Larger frame offers super comfortable fit<\/li>\n<li>Fogbuster\u2122 anti-fog lenses provide exceptional moisture control<\/li>\n<li>Maximum UV protection<\/li>\n<li>Clear gaskets allow the lenses to react faster to changing light conditions<\/li>\n<li>Super soft silicone seal for ultimate comfort and fit<\/li>\n<li>Quick adjust silicone strap for fantastic strength, comfort and durability<\/li>\n<li>Split-yoke strap reduces pressure on the swimmer&#8217;s face<\/li>\n<li>A practical goggle for changeable conditions and everyday training<\/li>\n<li>Carry case provided to protect the goggles<\/li>\n<li>Awarded 220 Triathlon Magazine Editor&#8217;s Choice<\/li>\n<li>Fina approved<\/li>\n<\/ul>\n","protected":false},"excerpt":{"rendered":"<p>Nos lunettes de natation Zoggs Original Predator Flex Reactor sont dot\u00e9es de notre technologie de lentilles la plus avanc\u00e9e \u00e0 ce jour.<br \/>\nGrises oranges<\/p>\n","protected":false},"featured_media":50136,"template":"","meta":[],"product_brand":[],"product_cat":[282],"product_tag":[],"class_list":{"0":"post-17662","1":"product","2":"type-product","3":"status-publish","4":"has-post-thumbnail","6":"product_cat-lunettes","7":"pa_brand-zoggs","9":"first","10":"instock","11":"sale","12":"shipping-taxable","13":"purchasable","14":"product-type-simple"},"_links":{"self":[{"href":"https:\/\/espacetriathlon.com\/fr\/wp-json\/wp\/v2\/product\/17662","targetHints":{"allow":["GET"]}}],"collection":[{"href":"https:\/\/espacetriathlon.com\/fr\/wp-json\/wp\/v2\/product"}],"about":[{"href":"https:\/\/espacetriathlon.com\/fr\/wp-json\/wp\/v2\/types\/product"}],"version-history":[{"count":3,"href":"https:\/\/espacetriathlon.com\/fr\/wp-json\/wp\/v2\/product\/17662\/revisions"}],"predecessor-version":[{"id":36720,"href":"https:\/\/espacetriathlon.com\/fr\/wp-json\/wp\/v2\/product\/17662\/revisions\/36720"}],"wp:featuredmedia":[{"embeddable":true,"href":"https:\/\/espacetriathlon.com\/fr\/wp-json\/wp\/v2\/media\/50136"}],"wp:attachment":[{"href":"https:\/\/espacetriathlon.com\/fr\/wp-json\/wp\/v2\/media?parent=17662"}],"wp:term":[{"taxonomy":"product_brand","embeddable":true,"href":"https:\/\/espacetriathlon.com\/fr\/wp-json\/wp\/v2\/product_brand?post=17662"},{"taxonomy":"product_cat","embeddable":true,"href":"https:\/\/espacetriathlon.com\/fr\/wp-json\/wp\/v2\/product_cat?post=17662"},{"taxonomy":"product_tag","embeddable":true,"href":"https:\/\/espacetriathlon.com\/fr\/wp-json\/wp\/v2\/product_tag?post=17662"}],"curies":[{"name":"wp","href":"https:\/\/api.w.org\/{rel}","templated":true}]}}