{"id":17733,"date":"2023-03-03T14:55:27","date_gmt":"2023-03-03T14:55:27","guid":{"rendered":"https:\/\/espacetriathlon.com\/product\/predator-flex-titanium\/"},"modified":"2024-07-15T09:03:24","modified_gmt":"2024-07-15T09:03:24","slug":"predator-flex-titanium","status":"publish","type":"product","link":"https:\/\/espacetriathlon.com\/fr\/product\/predator-flex-titanium\/","title":{"rendered":"Predator Flex Titanium"},"content":{"rendered":"<p><span class=\"ng-binding\">Taille normale<br \/>\nLes lunettes predator flex sont un choix particuli\u00e8rement bien appr\u00e9ci\u00e9 pour l\u2019open water. Les lentilles en titane favorisent la visibilit\u00e9. Trait\u00e9es anti-fog<\/span><\/p>\n","protected":false},"excerpt":{"rendered":"<p>Taille normale<br \/>\nLes lunettes predator flex sont un choix particuli\u00e8rement bien appr\u00e9ci\u00e9 pour l&#8217;open water. Les lentilles en titane favorisent la visibilit\u00e9. Trait\u00e9es anti-fog<\/p>\n","protected":false},"featured_media":50132,"template":"","meta":[],"product_brand":[],"product_cat":[282],"product_tag":[],"class_list":{"0":"post-17733","1":"product","2":"type-product","3":"status-publish","4":"has-post-thumbnail","6":"product_cat-lunettes","7":"pa_brand-zoggs","9":"first","10":"instock","11":"sale","12":"shipping-taxable","13":"purchasable","14":"product-type-simple"},"_links":{"self":[{"href":"https:\/\/espacetriathlon.com\/fr\/wp-json\/wp\/v2\/product\/17733","targetHints":{"allow":["GET"]}}],"collection":[{"href":"https:\/\/espacetriathlon.com\/fr\/wp-json\/wp\/v2\/product"}],"about":[{"href":"https:\/\/espacetriathlon.com\/fr\/wp-json\/wp\/v2\/types\/product"}],"version-history":[{"count":5,"href":"https:\/\/espacetriathlon.com\/fr\/wp-json\/wp\/v2\/product\/17733\/revisions"}],"predecessor-version":[{"id":36698,"href":"https:\/\/espacetriathlon.com\/fr\/wp-json\/wp\/v2\/product\/17733\/revisions\/36698"}],"wp:featuredmedia":[{"embeddable":true,"href":"https:\/\/espacetriathlon.com\/fr\/wp-json\/wp\/v2\/media\/50132"}],"wp:attachment":[{"href":"https:\/\/espacetriathlon.com\/fr\/wp-json\/wp\/v2\/media?parent=17733"}],"wp:term":[{"taxonomy":"product_brand","embeddable":true,"href":"https:\/\/espacetriathlon.com\/fr\/wp-json\/wp\/v2\/product_brand?post=17733"},{"taxonomy":"product_cat","embeddable":true,"href":"https:\/\/espacetriathlon.com\/fr\/wp-json\/wp\/v2\/product_cat?post=17733"},{"taxonomy":"product_tag","embeddable":true,"href":"https:\/\/espacetriathlon.com\/fr\/wp-json\/wp\/v2\/product_tag?post=17733"}],"curies":[{"name":"wp","href":"https:\/\/api.w.org\/{rel}","templated":true}]}}