{"id":1774,"date":"2020-11-09T10:07:41","date_gmt":"2020-11-09T10:07:41","guid":{"rendered":"https:\/\/espacetriathlon.com\/product\/killa-speed-goggle\/"},"modified":"2024-10-20T09:17:10","modified_gmt":"2024-10-20T09:17:10","slug":"killa-speed-goggle","status":"publish","type":"product","link":"https:\/\/espacetriathlon.com\/fr\/product\/killa-speed-goggle\/","title":{"rendered":"Killa Speed Goggle"},"content":{"rendered":"<p>Si vous recherchez des lunettes de natation de bas profil, l\u00e9g\u00e8res et ergonomiques, qui vous offrent un confort et vitesse incomparables dans l\u2019eau, pour les distances courtes ou les s\u00e9ances d\u2019entra\u00eenement dans la piscine, Choix de verres exhaustif pour nager sous un soleil \u00e9clatant. Un choix de verres tr\u00e8s \u00e9tendu rend ces lunettes tr\u00e8s polyvalentes pour toutes les conditions climatiques.<\/p>\n","protected":false},"excerpt":{"rendered":"<p>Si vous recherchez des lunettes de natation de bas profil, l\u00e9g\u00e8res et ergonomiques, qui vous offrent un confort et vitesse incomparables dans l\u2019eau, pour les distances courtes ou les s\u00e9ances d\u2019entra\u00eenement dans la piscine, Choix de verres exhaustif pour nager sous un soleil \u00e9clatant. Un choix de verres tr\u00e8s \u00e9tendu rend ces lunettes tr\u00e8s polyvalentes pour toutes les conditions climatiques.<\/p>\n","protected":false},"featured_media":49259,"template":"","meta":[],"product_brand":[],"product_cat":[282],"product_tag":[],"class_list":{"0":"post-1774","1":"product","2":"type-product","3":"status-publish","4":"has-post-thumbnail","6":"product_cat-lunettes","7":"pa_brand-orca","8":"pa_color_n-clear-black-2","9":"pa_color_n-white-2","11":"first","12":"instock","13":"shipping-taxable","14":"purchasable","15":"product-type-variable","16":"has-default-attributes"},"_links":{"self":[{"href":"https:\/\/espacetriathlon.com\/fr\/wp-json\/wp\/v2\/product\/1774","targetHints":{"allow":["GET"]}}],"collection":[{"href":"https:\/\/espacetriathlon.com\/fr\/wp-json\/wp\/v2\/product"}],"about":[{"href":"https:\/\/espacetriathlon.com\/fr\/wp-json\/wp\/v2\/types\/product"}],"version-history":[{"count":3,"href":"https:\/\/espacetriathlon.com\/fr\/wp-json\/wp\/v2\/product\/1774\/revisions"}],"predecessor-version":[{"id":36841,"href":"https:\/\/espacetriathlon.com\/fr\/wp-json\/wp\/v2\/product\/1774\/revisions\/36841"}],"wp:featuredmedia":[{"embeddable":true,"href":"https:\/\/espacetriathlon.com\/fr\/wp-json\/wp\/v2\/media\/49259"}],"wp:attachment":[{"href":"https:\/\/espacetriathlon.com\/fr\/wp-json\/wp\/v2\/media?parent=1774"}],"wp:term":[{"taxonomy":"product_brand","embeddable":true,"href":"https:\/\/espacetriathlon.com\/fr\/wp-json\/wp\/v2\/product_brand?post=1774"},{"taxonomy":"product_cat","embeddable":true,"href":"https:\/\/espacetriathlon.com\/fr\/wp-json\/wp\/v2\/product_cat?post=1774"},{"taxonomy":"product_tag","embeddable":true,"href":"https:\/\/espacetriathlon.com\/fr\/wp-json\/wp\/v2\/product_tag?post=1774"}],"curies":[{"name":"wp","href":"https:\/\/api.w.org\/{rel}","templated":true}]}}