{"id":17862,"date":"2023-03-22T12:38:43","date_gmt":"2023-03-22T12:38:43","guid":{"rendered":"https:\/\/espacetriathlon.com\/product\/swimrun-calf-guards\/"},"modified":"2024-07-12T11:10:49","modified_gmt":"2024-07-12T11:10:49","slug":"swimrun-calf-guards","status":"publish","type":"product","link":"https:\/\/espacetriathlon.com\/fr\/product\/swimrun-calf-guards\/","title":{"rendered":"Swimrun Calf Guards"},"content":{"rendered":"<p>Ces jambi\u00e8res sont sp\u00e9cialement con\u00e7ues pour les courses de swimrun. Elles procurent une flottabilit\u00e9 suppl\u00e9mentaire aux jambes et permettent de se passer du Pull Buoy, pour gagner en libert\u00e9 de mouvement. De plus, elles prot\u00e8gent vos tibias des roches et des mauvaises herbes, pour que vous ne soyez pas g\u00ean\u00e9 par des petites \u00e9gratignures pendant votre course. L\u2019alli\u00e9 parfait pour la pratique du swimrun.<\/p>\n","protected":false},"excerpt":{"rendered":"<p>Jambi\u00e8res pour les courses de swimrun.<\/p>\n","protected":false},"featured_media":50115,"template":"","meta":[],"product_brand":[],"product_cat":[273],"product_tag":[],"class_list":{"0":"post-17862","1":"product","2":"type-product","3":"status-publish","4":"has-post-thumbnail","6":"product_cat-swimrun-fr","7":"pa_brand-orca","8":"pa_size-xs-fr","9":"pa_size-s-fr","10":"pa_size-m-fr","11":"pa_size-l-fr","13":"first","14":"instock","15":"shipping-taxable","16":"purchasable","17":"product-type-variable"},"_links":{"self":[{"href":"https:\/\/espacetriathlon.com\/fr\/wp-json\/wp\/v2\/product\/17862","targetHints":{"allow":["GET"]}}],"collection":[{"href":"https:\/\/espacetriathlon.com\/fr\/wp-json\/wp\/v2\/product"}],"about":[{"href":"https:\/\/espacetriathlon.com\/fr\/wp-json\/wp\/v2\/types\/product"}],"version-history":[{"count":4,"href":"https:\/\/espacetriathlon.com\/fr\/wp-json\/wp\/v2\/product\/17862\/revisions"}],"predecessor-version":[{"id":36318,"href":"https:\/\/espacetriathlon.com\/fr\/wp-json\/wp\/v2\/product\/17862\/revisions\/36318"}],"wp:featuredmedia":[{"embeddable":true,"href":"https:\/\/espacetriathlon.com\/fr\/wp-json\/wp\/v2\/media\/50115"}],"wp:attachment":[{"href":"https:\/\/espacetriathlon.com\/fr\/wp-json\/wp\/v2\/media?parent=17862"}],"wp:term":[{"taxonomy":"product_brand","embeddable":true,"href":"https:\/\/espacetriathlon.com\/fr\/wp-json\/wp\/v2\/product_brand?post=17862"},{"taxonomy":"product_cat","embeddable":true,"href":"https:\/\/espacetriathlon.com\/fr\/wp-json\/wp\/v2\/product_cat?post=17862"},{"taxonomy":"product_tag","embeddable":true,"href":"https:\/\/espacetriathlon.com\/fr\/wp-json\/wp\/v2\/product_tag?post=17862"}],"curies":[{"name":"wp","href":"https:\/\/api.w.org\/{rel}","templated":true}]}}