{"id":1799,"date":"2020-11-09T10:18:53","date_gmt":"2020-11-09T10:18:53","guid":{"rendered":"https:\/\/espacetriathlon.com\/product\/killa-vision-goggle\/"},"modified":"2025-05-07T11:26:23","modified_gmt":"2025-05-07T11:26:23","slug":"killa-vision-goggle","status":"publish","type":"product","link":"https:\/\/espacetriathlon.com\/fr\/product\/killa-vision-goggle\/","title":{"rendered":"Killa Vision Goggle"},"content":{"rendered":"<p>Si vous recherchez des lunettes ergonomiques et polyvalentes avec vision panoramique et une adaptation parfaite pour les longues distances en eaux libres. Un choix de verres tr\u00e8s \u00e9tendu rend ces lunettes tr\u00e8s polyvalentes pour toutes les conditions climatiques.<\/p>\n","protected":false},"excerpt":{"rendered":"<p>Si vous recherchez des lunettes ergonomiques et polyvalentes avec vision panoramique et une adaptation parfaite pour les longues distances en eaux libres. Un choix de verres tr\u00e8s \u00e9tendu rend ces lunettes tr\u00e8s polyvalentes pour toutes les conditions climatiques.<\/p>\n","protected":false},"featured_media":49263,"template":"","meta":[],"product_brand":[],"product_cat":[2195,282],"product_tag":[],"class_list":{"0":"post-1799","1":"product","2":"type-product","3":"status-publish","4":"has-post-thumbnail","6":"product_cat-liquidations","7":"product_cat-lunettes","8":"pa_brand-orca","9":"pa_color_n-black-2","10":"pa_color_n-blue-white-2","11":"pa_color_n-red-2","13":"first","14":"instock","15":"sale","16":"featured","17":"shipping-taxable","18":"purchasable","19":"product-type-variable"},"_links":{"self":[{"href":"https:\/\/espacetriathlon.com\/fr\/wp-json\/wp\/v2\/product\/1799","targetHints":{"allow":["GET"]}}],"collection":[{"href":"https:\/\/espacetriathlon.com\/fr\/wp-json\/wp\/v2\/product"}],"about":[{"href":"https:\/\/espacetriathlon.com\/fr\/wp-json\/wp\/v2\/types\/product"}],"version-history":[{"count":3,"href":"https:\/\/espacetriathlon.com\/fr\/wp-json\/wp\/v2\/product\/1799\/revisions"}],"predecessor-version":[{"id":36832,"href":"https:\/\/espacetriathlon.com\/fr\/wp-json\/wp\/v2\/product\/1799\/revisions\/36832"}],"wp:featuredmedia":[{"embeddable":true,"href":"https:\/\/espacetriathlon.com\/fr\/wp-json\/wp\/v2\/media\/49263"}],"wp:attachment":[{"href":"https:\/\/espacetriathlon.com\/fr\/wp-json\/wp\/v2\/media?parent=1799"}],"wp:term":[{"taxonomy":"product_brand","embeddable":true,"href":"https:\/\/espacetriathlon.com\/fr\/wp-json\/wp\/v2\/product_brand?post=1799"},{"taxonomy":"product_cat","embeddable":true,"href":"https:\/\/espacetriathlon.com\/fr\/wp-json\/wp\/v2\/product_cat?post=1799"},{"taxonomy":"product_tag","embeddable":true,"href":"https:\/\/espacetriathlon.com\/fr\/wp-json\/wp\/v2\/product_tag?post=1799"}],"curies":[{"name":"wp","href":"https:\/\/api.w.org\/{rel}","templated":true}]}}