{"id":1843,"date":"2020-11-09T10:31:38","date_gmt":"2020-11-09T10:31:38","guid":{"rendered":"https:\/\/espacetriathlon.com\/product\/speed-laces\/"},"modified":"2025-06-22T15:39:40","modified_gmt":"2025-06-22T15:39:40","slug":"speed-laces","status":"publish","type":"product","link":"https:\/\/espacetriathlon.com\/fr\/product\/speed-laces\/","title":{"rendered":"Speed Laces"},"content":{"rendered":"<p>Ne perdez pas de temps dans le la\u00e7age de vos chaussures lors des transitions. Les lacets \u00e9lastiques d\u2019Orca s\u2019ajustent au pied de mani\u00e8re s\u00fbre et confortable, gr\u00e2ce \u00e0 un nouveau design plat. Des petits d\u00e9tails qui font la diff\u00e9rence.<\/p>\n","protected":false},"excerpt":{"rendered":"<p>Ne perdez pas de temps dans le la\u00e7age de vos chaussures lors des transitions. Les lacets \u00e9lastiques d\u2019Orca s\u2019ajustent au pied de mani\u00e8re s\u00fbre et confortable, gr\u00e2ce \u00e0 un nouveau design plat. Des petits d\u00e9tails qui font la diff\u00e9rence.<\/p>\n","protected":false},"featured_media":49267,"template":"","meta":[],"product_brand":[],"product_cat":[300],"product_tag":[],"class_list":{"0":"post-1843","1":"product","2":"type-product","3":"status-publish","4":"has-post-thumbnail","6":"product_cat-run-accessories-triathlon-fr","7":"product_shipping_class-petitarticle-fr","8":"pa_brand-orca","9":"pa_color_n-black-2","10":"pa_color_n-blue-2","11":"pa_color_n-grey-2","12":"pa_color_n-red-2","13":"pa_color_n-white-2","14":"pa_color_n-yellow-2","16":"first","17":"instock","18":"shipping-taxable","19":"purchasable","20":"product-type-variable"},"_links":{"self":[{"href":"https:\/\/espacetriathlon.com\/fr\/wp-json\/wp\/v2\/product\/1843","targetHints":{"allow":["GET"]}}],"collection":[{"href":"https:\/\/espacetriathlon.com\/fr\/wp-json\/wp\/v2\/product"}],"about":[{"href":"https:\/\/espacetriathlon.com\/fr\/wp-json\/wp\/v2\/types\/product"}],"version-history":[{"count":4,"href":"https:\/\/espacetriathlon.com\/fr\/wp-json\/wp\/v2\/product\/1843\/revisions"}],"predecessor-version":[{"id":36804,"href":"https:\/\/espacetriathlon.com\/fr\/wp-json\/wp\/v2\/product\/1843\/revisions\/36804"}],"wp:featuredmedia":[{"embeddable":true,"href":"https:\/\/espacetriathlon.com\/fr\/wp-json\/wp\/v2\/media\/49267"}],"wp:attachment":[{"href":"https:\/\/espacetriathlon.com\/fr\/wp-json\/wp\/v2\/media?parent=1843"}],"wp:term":[{"taxonomy":"product_brand","embeddable":true,"href":"https:\/\/espacetriathlon.com\/fr\/wp-json\/wp\/v2\/product_brand?post=1843"},{"taxonomy":"product_cat","embeddable":true,"href":"https:\/\/espacetriathlon.com\/fr\/wp-json\/wp\/v2\/product_cat?post=1843"},{"taxonomy":"product_tag","embeddable":true,"href":"https:\/\/espacetriathlon.com\/fr\/wp-json\/wp\/v2\/product_tag?post=1843"}],"curies":[{"name":"wp","href":"https:\/\/api.w.org\/{rel}","templated":true}]}}