{"id":1853,"date":"2020-11-09T11:12:47","date_gmt":"2020-11-09T11:12:47","guid":{"rendered":"https:\/\/espacetriathlon.com\/product\/pulling-ankle-strap\/"},"modified":"2026-02-04T15:28:45","modified_gmt":"2026-02-04T15:28:45","slug":"pulling-ankle-strap","status":"publish","type":"product","link":"https:\/\/espacetriathlon.com\/fr\/product\/pulling-ankle-strap\/","title":{"rendered":"Pulling Ankle Strap"},"content":{"rendered":"<p>La Pulling Ankle Strap est une sangle en caoutchouc port\u00e9e autour des chevilles pour \u00e9liminer les coups de pied. Id\u00e9alement utilis\u00e9e avec la bou\u00e9e de traction en mousse, la Pulling Angle Strap pour la cheville maintient les chevilles ensemble, en d\u00e9pla\u00e7ant l\u2019attention pour renforcer le haut du corps. La Pulling Ankle Strap est disponible dans une taille universelle qui s\u2019adapte \u00e0 toutes les chevilles.<\/p>\n","protected":false},"excerpt":{"rendered":"<p>La Pulling Ankle Strap est une sangle en caoutchouc port\u00e9e autour des chevilles pour \u00e9liminer les coups de pied. Id\u00e9alement utilis\u00e9e avec la bou\u00e9e de traction en mousse, la Pulling Angle Strap pour la cheville maintient les chevilles ensemble, en d\u00e9pla\u00e7ant l\u2019attention pour renforcer le haut du corps. La Pulling Ankle Strap est disponible dans une taille universelle qui s\u2019adapte \u00e0 toutes les chevilles.<\/p>\n","protected":false},"featured_media":49292,"template":"","meta":[],"product_brand":[],"product_cat":[279],"product_tag":[],"class_list":{"0":"post-1853","1":"product","2":"type-product","3":"status-publish","4":"has-post-thumbnail","6":"product_cat-accessories-swim","7":"product_shipping_class-petitarticle-fr","8":"pa_brand-finis","10":"first","11":"instock","12":"shipping-taxable","13":"purchasable","14":"product-type-simple"},"_links":{"self":[{"href":"https:\/\/espacetriathlon.com\/fr\/wp-json\/wp\/v2\/product\/1853","targetHints":{"allow":["GET"]}}],"collection":[{"href":"https:\/\/espacetriathlon.com\/fr\/wp-json\/wp\/v2\/product"}],"about":[{"href":"https:\/\/espacetriathlon.com\/fr\/wp-json\/wp\/v2\/types\/product"}],"version-history":[{"count":3,"href":"https:\/\/espacetriathlon.com\/fr\/wp-json\/wp\/v2\/product\/1853\/revisions"}],"predecessor-version":[{"id":36786,"href":"https:\/\/espacetriathlon.com\/fr\/wp-json\/wp\/v2\/product\/1853\/revisions\/36786"}],"wp:featuredmedia":[{"embeddable":true,"href":"https:\/\/espacetriathlon.com\/fr\/wp-json\/wp\/v2\/media\/49292"}],"wp:attachment":[{"href":"https:\/\/espacetriathlon.com\/fr\/wp-json\/wp\/v2\/media?parent=1853"}],"wp:term":[{"taxonomy":"product_brand","embeddable":true,"href":"https:\/\/espacetriathlon.com\/fr\/wp-json\/wp\/v2\/product_brand?post=1853"},{"taxonomy":"product_cat","embeddable":true,"href":"https:\/\/espacetriathlon.com\/fr\/wp-json\/wp\/v2\/product_cat?post=1853"},{"taxonomy":"product_tag","embeddable":true,"href":"https:\/\/espacetriathlon.com\/fr\/wp-json\/wp\/v2\/product_tag?post=1853"}],"curies":[{"name":"wp","href":"https:\/\/api.w.org\/{rel}","templated":true}]}}