{"id":18734,"date":"2023-05-24T13:13:12","date_gmt":"2023-05-24T13:13:12","guid":{"rendered":"https:\/\/espacetriathlon.com\/product\/women-vitalis-light-sleeveless\/"},"modified":"2025-07-22T12:47:07","modified_gmt":"2025-07-22T12:47:07","slug":"women-vitalis-light-sleeveless","status":"publish","type":"product","link":"https:\/\/espacetriathlon.com\/fr\/product\/women-vitalis-light-sleeveless\/","title":{"rendered":"Women Vitalis light (Sleeveless)"},"content":{"rendered":"<p>Mouvements de bras libres : La construction sans manches de la Vitalis Light offre une totale libert\u00e9 de mouvement au niveau des \u00e9paules et des bras pour nager en eau libre. Des mouvements de bras amples, une flottabilit\u00e9 \u00e9lev\u00e9e aux jambes et une grande isolation thermique au buste vous permettront de profiter au maximum de vos sessions en mer.<\/p>\n<p>Flottabilit\u00e9 : La r\u00e9partition des \u00e9paisseurs sur l\u2019ensemble de la combinaison, avec jusqu\u2019\u00e0 4,5 mm aux jambes, permet d\u2019obtenir une flottabilit\u00e9 et une stabilit\u00e9 accrues pour profiter au maximum de chaque aventure aquatique.<\/p>\n","protected":false},"excerpt":{"rendered":"<p>La combinaison Openwater Vitalis Light est l\u2019option id\u00e9ale pour les nageurs qui requi\u00e8rent une libert\u00e9 maximale lors de l\u2019exercice sans pour autant rechercher l\u2019isolation thermique<\/p>\n","protected":false},"featured_media":50102,"template":"","meta":[],"product_brand":[],"product_cat":[306,270],"product_tag":[],"class_list":{"0":"post-18734","1":"product","2":"type-product","3":"status-publish","4":"has-post-thumbnail","6":"product_cat-wetsuit-neopren-fr","7":"product_cat-openwater-fr","8":"pa_brand-orca","9":"pa_taille-orca-f-s-157-167cm-54-61kg-fr","10":"pa_taille-orca-f-m-165-177cm-60-67kg-fr","11":"pa_taille-orca-f-l-170-185cm-66-74kg-fr","12":"pa_taille-orca-f-xl-177-189cm-73-79kg-fr","14":"first","15":"instock","16":"shipping-taxable","17":"purchasable","18":"product-type-variable"},"_links":{"self":[{"href":"https:\/\/espacetriathlon.com\/fr\/wp-json\/wp\/v2\/product\/18734","targetHints":{"allow":["GET"]}}],"collection":[{"href":"https:\/\/espacetriathlon.com\/fr\/wp-json\/wp\/v2\/product"}],"about":[{"href":"https:\/\/espacetriathlon.com\/fr\/wp-json\/wp\/v2\/types\/product"}],"version-history":[{"count":4,"href":"https:\/\/espacetriathlon.com\/fr\/wp-json\/wp\/v2\/product\/18734\/revisions"}],"predecessor-version":[{"id":36352,"href":"https:\/\/espacetriathlon.com\/fr\/wp-json\/wp\/v2\/product\/18734\/revisions\/36352"}],"wp:featuredmedia":[{"embeddable":true,"href":"https:\/\/espacetriathlon.com\/fr\/wp-json\/wp\/v2\/media\/50102"}],"wp:attachment":[{"href":"https:\/\/espacetriathlon.com\/fr\/wp-json\/wp\/v2\/media?parent=18734"}],"wp:term":[{"taxonomy":"product_brand","embeddable":true,"href":"https:\/\/espacetriathlon.com\/fr\/wp-json\/wp\/v2\/product_brand?post=18734"},{"taxonomy":"product_cat","embeddable":true,"href":"https:\/\/espacetriathlon.com\/fr\/wp-json\/wp\/v2\/product_cat?post=18734"},{"taxonomy":"product_tag","embeddable":true,"href":"https:\/\/espacetriathlon.com\/fr\/wp-json\/wp\/v2\/product_tag?post=18734"}],"curies":[{"name":"wp","href":"https:\/\/api.w.org\/{rel}","templated":true}]}}