{"id":1874,"date":"2020-11-09T11:51:07","date_gmt":"2020-11-09T11:51:07","guid":{"rendered":"https:\/\/espacetriathlon.com\/product\/safety-buoy\/"},"modified":"2025-07-11T09:07:20","modified_gmt":"2025-07-11T09:07:20","slug":"safety-buoy","status":"publish","type":"product","link":"https:\/\/espacetriathlon.com\/fr\/product\/safety-buoy\/","title":{"rendered":"Safety Buoy"},"content":{"rendered":"<p>Si vous recherchez un \u00e9l\u00e9ment d\u2019aide \u00e0 la natation qui en plus de vous rendre visible dans la mer vous permet d\u2019emporter vos objets de valeur de mani\u00e8re s\u00fbre et au sec, cette bou\u00e9e de s\u00e9curit\u00e9 Orca est id\u00e9ale pour vous.<\/p>\n","protected":false},"excerpt":{"rendered":"<p>Si vous recherchez un \u00e9l\u00e9ment d\u2019aide \u00e0 la natation qui en plus de vous rendre visible dans la mer vous permet d\u2019emporter vos objets de valeur de mani\u00e8re s\u00fbre et au sec, cette bou\u00e9e de s\u00e9curit\u00e9 Orca est id\u00e9ale pour vous.<\/p>\n","protected":false},"featured_media":38720,"template":"","meta":[],"product_brand":[],"product_cat":[270],"product_tag":[],"class_list":{"0":"post-1874","1":"product","2":"type-product","3":"status-publish","4":"has-post-thumbnail","6":"product_cat-openwater-fr","7":"pa_brand-orca","9":"first","10":"instock","11":"featured","12":"shipping-taxable","13":"purchasable","14":"product-type-simple"},"_links":{"self":[{"href":"https:\/\/espacetriathlon.com\/fr\/wp-json\/wp\/v2\/product\/1874","targetHints":{"allow":["GET"]}}],"collection":[{"href":"https:\/\/espacetriathlon.com\/fr\/wp-json\/wp\/v2\/product"}],"about":[{"href":"https:\/\/espacetriathlon.com\/fr\/wp-json\/wp\/v2\/types\/product"}],"version-history":[{"count":3,"href":"https:\/\/espacetriathlon.com\/fr\/wp-json\/wp\/v2\/product\/1874\/revisions"}],"predecessor-version":[{"id":36773,"href":"https:\/\/espacetriathlon.com\/fr\/wp-json\/wp\/v2\/product\/1874\/revisions\/36773"}],"wp:featuredmedia":[{"embeddable":true,"href":"https:\/\/espacetriathlon.com\/fr\/wp-json\/wp\/v2\/media\/38720"}],"wp:attachment":[{"href":"https:\/\/espacetriathlon.com\/fr\/wp-json\/wp\/v2\/media?parent=1874"}],"wp:term":[{"taxonomy":"product_brand","embeddable":true,"href":"https:\/\/espacetriathlon.com\/fr\/wp-json\/wp\/v2\/product_brand?post=1874"},{"taxonomy":"product_cat","embeddable":true,"href":"https:\/\/espacetriathlon.com\/fr\/wp-json\/wp\/v2\/product_cat?post=1874"},{"taxonomy":"product_tag","embeddable":true,"href":"https:\/\/espacetriathlon.com\/fr\/wp-json\/wp\/v2\/product_tag?post=1874"}],"curies":[{"name":"wp","href":"https:\/\/api.w.org\/{rel}","templated":true}]}}