{"id":18758,"date":"2023-05-24T13:35:37","date_gmt":"2023-05-24T13:35:37","guid":{"rendered":"https:\/\/espacetriathlon.com\/product\/kids-vitalis-squad-high-visibility\/"},"modified":"2026-03-24T12:31:03","modified_gmt":"2026-03-24T12:31:03","slug":"kids-vitalis-squad-high-visibility","status":"publish","type":"product","link":"https:\/\/espacetriathlon.com\/fr\/product\/kids-vitalis-squad-high-visibility\/","title":{"rendered":"Kids Vitalis Squad High Visibility"},"content":{"rendered":"<p>La combinaison Vitalis Squad Hi-Vis pour enfant, dot\u00e9e d\u2019empi\u00e8cements haute visibilit\u00e9, accompagnera les plus jeunes en toute s\u00e9curit\u00e9 pour leurs premiers pas en eau libre. De plus, le n\u00e9opr\u00e8ne Yamamoto 2 \u00e0 2,5 mm conf\u00e8re une bonne isolation thermique.<\/p>\n","protected":false},"excerpt":{"rendered":"<p>Combinaison d\u2019eau libre haute visibilit\u00e9 pour les plus petits<\/p>\n","protected":false},"featured_media":50090,"template":"","meta":[],"product_brand":[],"product_cat":[270],"product_tag":[],"class_list":{"0":"post-18758","1":"product","2":"type-product","3":"status-publish","4":"has-post-thumbnail","6":"product_cat-openwater-fr","7":"pa_brand-orca","8":"pa_kid-10-years-fr","9":"pa_kid-12-years-fr","10":"pa_kid-8-years-fr","12":"first","13":"instock","14":"shipping-taxable","15":"purchasable","16":"product-type-variable"},"_links":{"self":[{"href":"https:\/\/espacetriathlon.com\/fr\/wp-json\/wp\/v2\/product\/18758","targetHints":{"allow":["GET"]}}],"collection":[{"href":"https:\/\/espacetriathlon.com\/fr\/wp-json\/wp\/v2\/product"}],"about":[{"href":"https:\/\/espacetriathlon.com\/fr\/wp-json\/wp\/v2\/types\/product"}],"version-history":[{"count":4,"href":"https:\/\/espacetriathlon.com\/fr\/wp-json\/wp\/v2\/product\/18758\/revisions"}],"predecessor-version":[{"id":36359,"href":"https:\/\/espacetriathlon.com\/fr\/wp-json\/wp\/v2\/product\/18758\/revisions\/36359"}],"wp:featuredmedia":[{"embeddable":true,"href":"https:\/\/espacetriathlon.com\/fr\/wp-json\/wp\/v2\/media\/50090"}],"wp:attachment":[{"href":"https:\/\/espacetriathlon.com\/fr\/wp-json\/wp\/v2\/media?parent=18758"}],"wp:term":[{"taxonomy":"product_brand","embeddable":true,"href":"https:\/\/espacetriathlon.com\/fr\/wp-json\/wp\/v2\/product_brand?post=18758"},{"taxonomy":"product_cat","embeddable":true,"href":"https:\/\/espacetriathlon.com\/fr\/wp-json\/wp\/v2\/product_cat?post=18758"},{"taxonomy":"product_tag","embeddable":true,"href":"https:\/\/espacetriathlon.com\/fr\/wp-json\/wp\/v2\/product_tag?post=18758"}],"curies":[{"name":"wp","href":"https:\/\/api.w.org\/{rel}","templated":true}]}}